{"id":1831,"date":"2022-12-14T18:26:18","date_gmt":"2022-12-14T16:26:18","guid":{"rendered":"https:\/\/norttipaikalle.fi\/?page_id=1831"},"modified":"2026-05-07T00:37:32","modified_gmt":"2026-05-06T21:37:32","slug":"meet-nortti-paikalle","status":"publish","type":"page","link":"https:\/\/norttipaikalle.fi\/fi\/nortti-paikalle-it-tuki\/meet-nortti-paikalle\/","title":{"rendered":"Tapaa Alex"},"content":{"rendered":"<div class=\"wp-block-group is-layout-flex wp-container-core-group-is-layout-d0921e6e wp-block-group-is-layout-flex\">\n<div class=\"wp-block-group has-global-padding is-layout-constrained wp-container-core-group-is-layout-a9dc7e97 wp-block-group-is-layout-constrained\" style=\"margin-top:0;margin-bottom:0;padding-top:0;padding-right:0;padding-bottom:0;padding-left:0\">\n<div class=\"wp-block-group terminal_block has-border-color has-contrast-background-color has-background is-layout-flow wp-container-core-group-is-layout-8506ee72 wp-block-group-is-layout-flow\" style=\"border-color:#686868;border-width:2px;border-radius:10px;margin-top:0;margin-bottom:0;padding-top:0;padding-right:0;padding-bottom:var(--wp--preset--spacing--20);padding-left:0;box-shadow:var(--wp--preset--shadow--deep)\">\n<div class=\"wp-block-group has-accent-5-background-color has-background is-content-justification-space-between is-nowrap is-layout-flex wp-container-core-group-is-layout-736d3665 wp-block-group-is-layout-flex\" style=\"border-style:none;border-width:0px;border-top-left-radius:9px;border-top-right-radius:9px;padding-right:var(--wp--preset--spacing--30);padding-left:var(--wp--preset--spacing--30)\">\n<h2 class=\"wp-block-heading terminal_heading\">alex.exe<\/h2>\n\n\n\n<p class=\"has-accent-5-background-color has-background has-medium-font-size wp-container-content-a8b76f83\">\ud83d\udfe2   \ud83d\udfe1  \ud83d\udd34<\/p>\n<\/div>\n\n\n\n<div class=\"wp-block-group is-vertical is-layout-flex wp-container-core-group-is-layout-434a4625 wp-block-group-is-layout-flex\" style=\"padding-right:var(--wp--preset--spacing--30);padding-left:var(--wp--preset--spacing--30)\">\n<p>Tied\u00e4mme, ett\u00e4 nautin ihmisten IT-ongelmien ratkaisemisesta, mutta mit\u00e4 muuta?<\/p>\n\n\n\n<p>Finland became my new forever home in 2005 when I moved here with my family, and my first few years here were actually spent as a classroom assistant in daycare!  I am actually formally trained as Youth and Community worker, so I am something of a rarity in the IT community.  <\/p>\n\n\n\n<p>Kaksi suosikkitapaani latautua ovat kitaransoitto ja kuntosalilla treenaaminen. N\u00e4m\u00e4 ovat hienoja tapoja nollata itseni henkisesti IT-teht\u00e4viin keskittymisen j\u00e4lkeen.<\/p>\n\n\n\n<p>Kitara on jotain, josta olen nauttinut noin 16-vuotiaasta l\u00e4htien, ja viime aikoina olen lis\u00e4nnyt miksaukseen my\u00f6s laulamisen. T\u00e4m\u00e4 kuva on otettu Open Mic -tapahtuman aikana <a href=\"https:\/\/lazyfox.fi\/\" target=\"_blank\" rel=\"noreferrer noopener\">Lazy Fox<\/a> (<a href=\"https:\/\/www.instagram.com\/lazyfoxhelsinki\/\" target=\"_blank\" rel=\"noreferrer noopener\">IG<\/a>) Helsingissa<\/p>\n\n\n\n<p>Koska suuri osa ty\u00f6st\u00e4ni on istumista, olen huomannut, ett\u00e4 kuntoilu auttaa pit\u00e4m\u00e4\u00e4n oloni terveen\u00e4.<\/p>\n\n\n\n<p>Arvostan todella sit\u00e4, ett\u00e4 n\u00e4m\u00e4 kolme asiaa yhdistettyn\u00e4 koskettavat kaikkia persoonaani osia. Olen stimuloitunut \u00e4lyllisesti, luovasti ja fyysisesti.<\/p>\n\n\n\n<p>Ja tied\u00e4tk\u00f6 mit\u00e4 he sanovat?<\/p>\n\n\n\n<p>&#8220;Happy computer guy, happy computer. :)&#8221; <\/p>\n<\/div>\n<\/div>\n<\/div>\n\n\n\n<figure class=\"wp-block-image size-full is-resized has-custom-border is-style-default wp-container-content-9cfa9a5a\" style=\"margin-right:var(--wp--preset--spacing--50);margin-left:var(--wp--preset--spacing--50)\"><img data-recalc-dims=\"1\" decoding=\"async\" width=\"853\" height=\"1280\" src=\"https:\/\/i0.wp.com\/norttipaikalle.fi\/wp-content\/uploads\/2025\/03\/fox_by_vi_124-Large.jpeg?resize=853%2C1280&#038;ssl=1\" alt=\"\" class=\"wp-image-5399\" style=\"border-radius:10px;box-shadow:var(--wp--preset--shadow--deep);width:282px;height:auto\" srcset=\"https:\/\/i0.wp.com\/norttipaikalle.fi\/wp-content\/uploads\/2025\/03\/fox_by_vi_124-Large.jpeg?w=853&amp;ssl=1 853w, https:\/\/i0.wp.com\/norttipaikalle.fi\/wp-content\/uploads\/2025\/03\/fox_by_vi_124-Large.jpeg?resize=200%2C300&amp;ssl=1 200w, https:\/\/i0.wp.com\/norttipaikalle.fi\/wp-content\/uploads\/2025\/03\/fox_by_vi_124-Large.jpeg?resize=682%2C1024&amp;ssl=1 682w, https:\/\/i0.wp.com\/norttipaikalle.fi\/wp-content\/uploads\/2025\/03\/fox_by_vi_124-Large.jpeg?resize=768%2C1152&amp;ssl=1 768w, https:\/\/i0.wp.com\/norttipaikalle.fi\/wp-content\/uploads\/2025\/03\/fox_by_vi_124-Large.jpeg?resize=8%2C12&amp;ssl=1 8w\" sizes=\"(max-width: 853px) 100vw, 853px\" \/><figcaption class=\"wp-element-caption\">Kuva:<a href=\" https:\/\/www.instagram.com\/tirkovisja\/\"> https:\/\/www.instagram.com\/tirkovisja\/<\/a><\/figcaption><\/figure>\n<\/div>\n\n\n\n<div style=\"height:70px\" aria-hidden=\"true\" class=\"wp-block-spacer\"><\/div>\n\n\n\n<div class=\"wp-block-group has-border-color has-nv-text-dark-bg-border-color has-accent-5-background-color has-background has-global-padding is-layout-constrained wp-container-core-group-is-layout-f90d3be4 wp-block-group-is-layout-constrained\" style=\"border-width:1px;border-radius:40px;padding-top:var(--wp--preset--spacing--40);padding-right:var(--wp--preset--spacing--30);padding-bottom:var(--wp--preset--spacing--40);padding-left:var(--wp--preset--spacing--30)\">\n<h2 class=\"wp-block-heading has-text-align-center\" style=\"padding-top:var(--wp--preset--spacing--40);padding-bottom:var(--wp--preset--spacing--40);font-size:clamp(20.515px, 1.282rem + ((1vw - 3.2px) * 1.058), 33px);\">Haluatko tiet\u00e4\u00e4 lis\u00e4\u00e4?<\/h2>\n\n\n\n<div class=\"wp-block-buttons is-content-justification-center is-layout-flex wp-container-core-buttons-is-layout-a89b3969 wp-block-buttons-is-layout-flex\">\n<div class=\"wp-block-button is-style-primary\"><a class=\"wp-block-button__link wp-element-button\" href=\"https:\/\/norttipaikalle.fi\/en_gb\/get-in-touch#easy-to-contact\" style=\"border-radius:40px;padding-right:var(--wp--preset--spacing--50);padding-left:var(--wp--preset--spacing--50)\"><strong>Anna minun tarjota sinulle kahvi!<\/strong><\/a><\/div>\n<\/div>\n\n\n\n<div style=\"height:20px\" aria-hidden=\"true\" class=\"wp-block-spacer\"><\/div>\n<\/div>\n\n\n\n<div style=\"height:100px\" aria-hidden=\"true\" class=\"wp-block-spacer\"><\/div>","protected":false},"excerpt":{"rendered":"<p>alex.exe \ud83d\udfe2 \ud83d\udfe1 \ud83d\udd34 We know I enjoy helping solve IT problems for people, but what else? Finland became my new forever home in 2005 when I moved here with my family, and my first few years here were actually spent as a classroom assistant in daycare! I am actually formally trained as Youth and [&hellip;]<\/p>\n","protected":false},"author":1,"featured_media":0,"parent":75,"menu_order":0,"comment_status":"closed","ping_status":"closed","template":"","meta":{"footnotes":""},"class_list":["post-1831","page","type-page","status-publish","hentry"],"yoast_head":"<!-- This site is optimized with the Yoast SEO plugin v27.5 - https:\/\/yoast.com\/product\/yoast-seo-wordpress\/ -->\n<title>Meet Alex &#8211; N\u00f6rtti paikalle<\/title>\n<meta name=\"description\" content=\"Meet N\u00f6rtti kotiin. My name is Alex. My services are targeted towards entrepreneurs, small businesses, and families.\" \/>\n<meta name=\"robots\" content=\"index, follow, max-snippet:-1, max-image-preview:large, max-video-preview:-1\" \/>\n<link rel=\"canonical\" href=\"https:\/\/norttipaikalle.fi\/fi\/nortti-paikalle-it-tuki\/meet-nortti-paikalle\/\" \/>\n<meta property=\"og:locale\" content=\"fi_FI\" \/>\n<meta property=\"og:type\" content=\"article\" \/>\n<meta property=\"og:title\" content=\"Meet Alex &#8211; N\u00f6rtti paikalle\" \/>\n<meta property=\"og:description\" content=\"Meet N\u00f6rtti kotiin. My name is Alex. My services are targeted towards entrepreneurs, small businesses, and families.\" \/>\n<meta property=\"og:url\" content=\"https:\/\/norttipaikalle.fi\/fi\/nortti-paikalle-it-tuki\/meet-nortti-paikalle\/\" \/>\n<meta property=\"og:site_name\" content=\"N\u00f6rtti paikalle\" \/>\n<meta property=\"article:publisher\" content=\"https:\/\/www.facebook.com\/norttipaikalle.fi\" \/>\n<meta property=\"article:modified_time\" content=\"2026-05-06T21:37:32+00:00\" \/>\n<meta property=\"og:image\" content=\"https:\/\/norttipaikalle.fi\/wp-content\/uploads\/2025\/03\/fox_by_vi_124-Large.jpeg\" \/>\n<meta name=\"twitter:card\" content=\"summary_large_image\" \/>\n<meta name=\"twitter:label1\" content=\"Arvioitu lukuaika\" \/>\n\t<meta name=\"twitter:data1\" content=\"2 minuuttia\" \/>\n<script type=\"application\/ld+json\" class=\"yoast-schema-graph\">{\"@context\":\"https:\\\/\\\/schema.org\",\"@graph\":[{\"@type\":\"WebPage\",\"@id\":\"https:\\\/\\\/norttipaikalle.fi\\\/nortti-paikalle-it-tuki\\\/meet-nortti-paikalle\\\/\",\"url\":\"https:\\\/\\\/norttipaikalle.fi\\\/nortti-paikalle-it-tuki\\\/meet-nortti-paikalle\\\/\",\"name\":\"Meet Alex &#8211; N\u00f6rtti paikalle\",\"isPartOf\":{\"@id\":\"https:\\\/\\\/norttipaikalle.fi\\\/#website\"},\"primaryImageOfPage\":{\"@id\":\"https:\\\/\\\/norttipaikalle.fi\\\/nortti-paikalle-it-tuki\\\/meet-nortti-paikalle\\\/#primaryimage\"},\"image\":{\"@id\":\"https:\\\/\\\/norttipaikalle.fi\\\/nortti-paikalle-it-tuki\\\/meet-nortti-paikalle\\\/#primaryimage\"},\"thumbnailUrl\":\"https:\\\/\\\/norttipaikalle.fi\\\/wp-content\\\/uploads\\\/2025\\\/03\\\/fox_by_vi_124-Large.jpeg\",\"datePublished\":\"2022-12-14T16:26:18+00:00\",\"dateModified\":\"2026-05-06T21:37:32+00:00\",\"description\":\"Meet N\u00f6rtti kotiin. My name is Alex. My services are targeted towards entrepreneurs, small businesses, and families.\",\"breadcrumb\":{\"@id\":\"https:\\\/\\\/norttipaikalle.fi\\\/nortti-paikalle-it-tuki\\\/meet-nortti-paikalle\\\/#breadcrumb\"},\"inLanguage\":\"fi\",\"potentialAction\":[{\"@type\":\"ReadAction\",\"target\":[\"https:\\\/\\\/norttipaikalle.fi\\\/nortti-paikalle-it-tuki\\\/meet-nortti-paikalle\\\/\"]}]},{\"@type\":\"ImageObject\",\"inLanguage\":\"fi\",\"@id\":\"https:\\\/\\\/norttipaikalle.fi\\\/nortti-paikalle-it-tuki\\\/meet-nortti-paikalle\\\/#primaryimage\",\"url\":\"https:\\\/\\\/norttipaikalle.fi\\\/wp-content\\\/uploads\\\/2025\\\/03\\\/fox_by_vi_124-Large.jpeg\",\"contentUrl\":\"https:\\\/\\\/norttipaikalle.fi\\\/wp-content\\\/uploads\\\/2025\\\/03\\\/fox_by_vi_124-Large.jpeg\"},{\"@type\":\"BreadcrumbList\",\"@id\":\"https:\\\/\\\/norttipaikalle.fi\\\/nortti-paikalle-it-tuki\\\/meet-nortti-paikalle\\\/#breadcrumb\",\"itemListElement\":[{\"@type\":\"ListItem\",\"position\":1,\"name\":\"Home\",\"item\":\"https:\\\/\\\/norttipaikalle.fi\\\/\"},{\"@type\":\"ListItem\",\"position\":2,\"name\":\"N\u00f6rtti paikalle\",\"item\":\"https:\\\/\\\/norttipaikalle.fi\\\/\"},{\"@type\":\"ListItem\",\"position\":3,\"name\":\"Meet Alex\"}]},{\"@type\":\"WebSite\",\"@id\":\"https:\\\/\\\/norttipaikalle.fi\\\/#website\",\"url\":\"https:\\\/\\\/norttipaikalle.fi\\\/\",\"name\":\"N\u00f6rtti paikalle\",\"description\":\"Making IT easy\",\"publisher\":{\"@id\":\"https:\\\/\\\/norttipaikalle.fi\\\/#organization\"},\"potentialAction\":[{\"@type\":\"SearchAction\",\"target\":{\"@type\":\"EntryPoint\",\"urlTemplate\":\"https:\\\/\\\/norttipaikalle.fi\\\/?s={search_term_string}\"},\"query-input\":{\"@type\":\"PropertyValueSpecification\",\"valueRequired\":true,\"valueName\":\"search_term_string\"}}],\"inLanguage\":\"fi\"},{\"@type\":\"Organization\",\"@id\":\"https:\\\/\\\/norttipaikalle.fi\\\/#organization\",\"name\":\"N\u00f6rtti paikalle\",\"url\":\"https:\\\/\\\/norttipaikalle.fi\\\/\",\"logo\":{\"@type\":\"ImageObject\",\"inLanguage\":\"fi\",\"@id\":\"https:\\\/\\\/norttipaikalle.fi\\\/#\\\/schema\\\/logo\\\/image\\\/\",\"url\":\"https:\\\/\\\/norttipaikalle.fi\\\/wp-content\\\/uploads\\\/2022\\\/03\\\/cropped-nerd-1.png\",\"contentUrl\":\"https:\\\/\\\/norttipaikalle.fi\\\/wp-content\\\/uploads\\\/2022\\\/03\\\/cropped-nerd-1.png\",\"width\":512,\"height\":512,\"caption\":\"N\u00f6rtti paikalle\"},\"image\":{\"@id\":\"https:\\\/\\\/norttipaikalle.fi\\\/#\\\/schema\\\/logo\\\/image\\\/\"},\"sameAs\":[\"https:\\\/\\\/www.facebook.com\\\/norttipaikalle.fi\",\"https:\\\/\\\/www.instagram.com\\\/norttipaikalle\",\"http:\\\/\\\/www.linkedin.com\\\/in\\\/alexjmetcalfe\"]}]}<\/script>\n<!-- \/ Yoast SEO plugin. -->","yoast_head_json":{"title":"Meet Alex &#8211; N\u00f6rtti paikalle","description":"Meet N\u00f6rtti kotiin. My name is Alex. My services are targeted towards entrepreneurs, small businesses, and families.","robots":{"index":"index","follow":"follow","max-snippet":"max-snippet:-1","max-image-preview":"max-image-preview:large","max-video-preview":"max-video-preview:-1"},"canonical":"https:\/\/norttipaikalle.fi\/fi\/nortti-paikalle-it-tuki\/meet-nortti-paikalle\/","og_locale":"fi_FI","og_type":"article","og_title":"Meet Alex &#8211; N\u00f6rtti paikalle","og_description":"Meet N\u00f6rtti kotiin. My name is Alex. My services are targeted towards entrepreneurs, small businesses, and families.","og_url":"https:\/\/norttipaikalle.fi\/fi\/nortti-paikalle-it-tuki\/meet-nortti-paikalle\/","og_site_name":"N\u00f6rtti paikalle","article_publisher":"https:\/\/www.facebook.com\/norttipaikalle.fi","article_modified_time":"2026-05-06T21:37:32+00:00","og_image":[{"url":"https:\/\/norttipaikalle.fi\/wp-content\/uploads\/2025\/03\/fox_by_vi_124-Large.jpeg","type":"","width":"","height":""}],"twitter_card":"summary_large_image","twitter_misc":{"Arvioitu lukuaika":"2 minuuttia"},"schema":{"@context":"https:\/\/schema.org","@graph":[{"@type":"WebPage","@id":"https:\/\/norttipaikalle.fi\/nortti-paikalle-it-tuki\/meet-nortti-paikalle\/","url":"https:\/\/norttipaikalle.fi\/nortti-paikalle-it-tuki\/meet-nortti-paikalle\/","name":"Meet Alex &#8211; N\u00f6rtti paikalle","isPartOf":{"@id":"https:\/\/norttipaikalle.fi\/#website"},"primaryImageOfPage":{"@id":"https:\/\/norttipaikalle.fi\/nortti-paikalle-it-tuki\/meet-nortti-paikalle\/#primaryimage"},"image":{"@id":"https:\/\/norttipaikalle.fi\/nortti-paikalle-it-tuki\/meet-nortti-paikalle\/#primaryimage"},"thumbnailUrl":"https:\/\/norttipaikalle.fi\/wp-content\/uploads\/2025\/03\/fox_by_vi_124-Large.jpeg","datePublished":"2022-12-14T16:26:18+00:00","dateModified":"2026-05-06T21:37:32+00:00","description":"Meet N\u00f6rtti kotiin. My name is Alex. My services are targeted towards entrepreneurs, small businesses, and families.","breadcrumb":{"@id":"https:\/\/norttipaikalle.fi\/nortti-paikalle-it-tuki\/meet-nortti-paikalle\/#breadcrumb"},"inLanguage":"fi","potentialAction":[{"@type":"ReadAction","target":["https:\/\/norttipaikalle.fi\/nortti-paikalle-it-tuki\/meet-nortti-paikalle\/"]}]},{"@type":"ImageObject","inLanguage":"fi","@id":"https:\/\/norttipaikalle.fi\/nortti-paikalle-it-tuki\/meet-nortti-paikalle\/#primaryimage","url":"https:\/\/norttipaikalle.fi\/wp-content\/uploads\/2025\/03\/fox_by_vi_124-Large.jpeg","contentUrl":"https:\/\/norttipaikalle.fi\/wp-content\/uploads\/2025\/03\/fox_by_vi_124-Large.jpeg"},{"@type":"BreadcrumbList","@id":"https:\/\/norttipaikalle.fi\/nortti-paikalle-it-tuki\/meet-nortti-paikalle\/#breadcrumb","itemListElement":[{"@type":"ListItem","position":1,"name":"Home","item":"https:\/\/norttipaikalle.fi\/"},{"@type":"ListItem","position":2,"name":"N\u00f6rtti paikalle","item":"https:\/\/norttipaikalle.fi\/"},{"@type":"ListItem","position":3,"name":"Meet Alex"}]},{"@type":"WebSite","@id":"https:\/\/norttipaikalle.fi\/#website","url":"https:\/\/norttipaikalle.fi\/","name":"N\u00f6rtti paikalle","description":"Making IT easy","publisher":{"@id":"https:\/\/norttipaikalle.fi\/#organization"},"potentialAction":[{"@type":"SearchAction","target":{"@type":"EntryPoint","urlTemplate":"https:\/\/norttipaikalle.fi\/?s={search_term_string}"},"query-input":{"@type":"PropertyValueSpecification","valueRequired":true,"valueName":"search_term_string"}}],"inLanguage":"fi"},{"@type":"Organization","@id":"https:\/\/norttipaikalle.fi\/#organization","name":"N\u00f6rtti paikalle","url":"https:\/\/norttipaikalle.fi\/","logo":{"@type":"ImageObject","inLanguage":"fi","@id":"https:\/\/norttipaikalle.fi\/#\/schema\/logo\/image\/","url":"https:\/\/norttipaikalle.fi\/wp-content\/uploads\/2022\/03\/cropped-nerd-1.png","contentUrl":"https:\/\/norttipaikalle.fi\/wp-content\/uploads\/2022\/03\/cropped-nerd-1.png","width":512,"height":512,"caption":"N\u00f6rtti paikalle"},"image":{"@id":"https:\/\/norttipaikalle.fi\/#\/schema\/logo\/image\/"},"sameAs":["https:\/\/www.facebook.com\/norttipaikalle.fi","https:\/\/www.instagram.com\/norttipaikalle","http:\/\/www.linkedin.com\/in\/alexjmetcalfe"]}]}},"jetpack-related-posts":[{"id":5031,"url":"https:\/\/norttipaikalle.fi\/fi\/it-as-a-service\/business-it-solutions\/","url_meta":{"origin":1831,"position":0},"title":"Yritysten IT-ratkaisut","author":"Alex","date":"2025-01-31","format":false,"excerpt":"introduction.txt \ud83d\udfe2 \ud83d\udfe1 \ud83d\udd34 Whether you are just starting out, or have an established business, business IT solutions from N\u00f6rtti paikalle helps you get the most out of your IT environment. Office software Office software, email, team collaboration apps, web browsers, file sharing, password management apps, desktop publishing, graphic design;\u2026","rel":"","context":"Samankaltainen artikkeli","block_context":{"text":"Samankaltainen artikkeli","link":""},"img":{"alt_text":"Alex Metcalfe N\u00f6rtti Paikalle provides business IT solutions","src":"https:\/\/i0.wp.com\/norttipaikalle.fi\/wp-content\/uploads\/2022\/11\/pexels-photo-5256525.jpeg?fit=1200%2C800&ssl=1&resize=350%2C200","width":350,"height":200,"srcset":"https:\/\/i0.wp.com\/norttipaikalle.fi\/wp-content\/uploads\/2022\/11\/pexels-photo-5256525.jpeg?fit=1200%2C800&ssl=1&resize=350%2C200 1x, https:\/\/i0.wp.com\/norttipaikalle.fi\/wp-content\/uploads\/2022\/11\/pexels-photo-5256525.jpeg?fit=1200%2C800&ssl=1&resize=525%2C300 1.5x, https:\/\/i0.wp.com\/norttipaikalle.fi\/wp-content\/uploads\/2022\/11\/pexels-photo-5256525.jpeg?fit=1200%2C800&ssl=1&resize=700%2C400 2x, https:\/\/i0.wp.com\/norttipaikalle.fi\/wp-content\/uploads\/2022\/11\/pexels-photo-5256525.jpeg?fit=1200%2C800&ssl=1&resize=1050%2C600 3x"},"classes":[]},{"id":2600,"url":"https:\/\/norttipaikalle.fi\/fi\/it-as-a-service\/for-home\/","url_meta":{"origin":1831,"position":1},"title":"Yksityisille","author":"Alex","date":"2023-09-01","format":false,"excerpt":"Home.exe \ud83d\udfe2 \ud83d\udfe1 \ud83d\udd34 Bring your computer issues to me, so you can dedicate more time to what matters the most, your family. With a smooth running computer set-up, working from home, managing bills, and completing homework becomes a breeze. Now that hybrid working has become a norm for many\u2026","rel":"","context":"Samankaltainen artikkeli","block_context":{"text":"Samankaltainen artikkeli","link":""},"img":{"alt_text":"photo of family sitting on floor while using laptop","src":"https:\/\/i0.wp.com\/norttipaikalle.fi\/wp-content\/uploads\/2023\/09\/pexels-photo-3818963.jpeg?fit=1200%2C800&ssl=1&resize=350%2C200","width":350,"height":200,"srcset":"https:\/\/i0.wp.com\/norttipaikalle.fi\/wp-content\/uploads\/2023\/09\/pexels-photo-3818963.jpeg?fit=1200%2C800&ssl=1&resize=350%2C200 1x, https:\/\/i0.wp.com\/norttipaikalle.fi\/wp-content\/uploads\/2023\/09\/pexels-photo-3818963.jpeg?fit=1200%2C800&ssl=1&resize=525%2C300 1.5x, https:\/\/i0.wp.com\/norttipaikalle.fi\/wp-content\/uploads\/2023\/09\/pexels-photo-3818963.jpeg?fit=1200%2C800&ssl=1&resize=700%2C400 2x, https:\/\/i0.wp.com\/norttipaikalle.fi\/wp-content\/uploads\/2023\/09\/pexels-photo-3818963.jpeg?fit=1200%2C800&ssl=1&resize=1050%2C600 3x"},"classes":[]},{"id":161,"url":"https:\/\/norttipaikalle.fi\/fi\/it-as-a-service\/","url_meta":{"origin":1831,"position":2},"title":"IT as a Service","author":"Alex","date":"2022-02-13","format":false,"excerpt":"intro.txt \ud83d\udfe2 \ud83d\udfe1 \ud83d\udd34 Hands-on, or remotely, you get the same professional support experience. I come to you This is the most traditional form of IT support. I come to your home or place of work. We can also meet at one of several shared office spaces in Helsinki capital\u2026","rel":"","context":"Samankaltainen artikkeli","block_context":{"text":"Samankaltainen artikkeli","link":""},"img":{"alt_text":"people looking at laptop","src":"https:\/\/i0.wp.com\/norttipaikalle.fi\/wp-content\/uploads\/2022\/02\/pexels-photo-1595388.jpeg?fit=1200%2C800&ssl=1&resize=350%2C200","width":350,"height":200,"srcset":"https:\/\/i0.wp.com\/norttipaikalle.fi\/wp-content\/uploads\/2022\/02\/pexels-photo-1595388.jpeg?fit=1200%2C800&ssl=1&resize=350%2C200 1x, https:\/\/i0.wp.com\/norttipaikalle.fi\/wp-content\/uploads\/2022\/02\/pexels-photo-1595388.jpeg?fit=1200%2C800&ssl=1&resize=525%2C300 1.5x, https:\/\/i0.wp.com\/norttipaikalle.fi\/wp-content\/uploads\/2022\/02\/pexels-photo-1595388.jpeg?fit=1200%2C800&ssl=1&resize=700%2C400 2x, https:\/\/i0.wp.com\/norttipaikalle.fi\/wp-content\/uploads\/2022\/02\/pexels-photo-1595388.jpeg?fit=1200%2C800&ssl=1&resize=1050%2C600 3x"},"classes":[]},{"id":27,"url":"https:\/\/norttipaikalle.fi\/fi\/get-in-touch\/","url_meta":{"origin":1831,"position":3},"title":"Ota yhteytt\u00e4!","author":"Alex","date":"2022-02-11","format":false,"excerpt":"contact.exe \ud83d\udfe2 \ud83d\udfe1 \ud83d\udd34 N\u00f6rtti paikalle - Easy to contact. Let's arrange your IT Support today. Old school. \ud83d\ude42 T: +358 404 160 190 E: Kannelm\u00e4ki, Helsinki New school. \ud83e\udd13 Using modern tools, productive conversations and support sessions are easy to arrange online. Book an online meeting Let me know\u2026","rel":"","context":"Samankaltainen artikkeli","block_context":{"text":"Samankaltainen artikkeli","link":""},"img":{"alt_text":"Contact us - Friendly and Professional IT Support","src":"https:\/\/i0.wp.com\/norttipaikalle.fi\/wp-content\/uploads\/2022\/02\/pexels-photo-207456.jpeg?fit=1200%2C539&ssl=1&resize=350%2C200","width":350,"height":200,"srcset":"https:\/\/i0.wp.com\/norttipaikalle.fi\/wp-content\/uploads\/2022\/02\/pexels-photo-207456.jpeg?fit=1200%2C539&ssl=1&resize=350%2C200 1x, https:\/\/i0.wp.com\/norttipaikalle.fi\/wp-content\/uploads\/2022\/02\/pexels-photo-207456.jpeg?fit=1200%2C539&ssl=1&resize=525%2C300 1.5x, https:\/\/i0.wp.com\/norttipaikalle.fi\/wp-content\/uploads\/2022\/02\/pexels-photo-207456.jpeg?fit=1200%2C539&ssl=1&resize=700%2C400 2x, https:\/\/i0.wp.com\/norttipaikalle.fi\/wp-content\/uploads\/2022\/02\/pexels-photo-207456.jpeg?fit=1200%2C539&ssl=1&resize=1050%2C600 3x"},"classes":[]},{"id":902,"url":"https:\/\/norttipaikalle.fi\/fi\/customer-feedback-what-my-customers-say\/","url_meta":{"origin":1831,"position":4},"title":"Asiakkaiden palaute","author":"Alex","date":"2022-06-03","format":false,"excerpt":"thank_you.run \ud83d\udfe2 \ud83d\udfe1 \ud83d\udd34 A huge shout out to all the amazing folks who have entrusted me to support them with the IT! It's a pleasure to work with each and every one of you. Thank you! Jump to reviewsEntrepreneurs & SMBsVideo recommendationsSocial media reviewsReadLinkedIn recommendations Susanna Ahvalo Susanna was\u2026","rel":"","context":"Samankaltainen artikkeli","block_context":{"text":"Samankaltainen artikkeli","link":""},"img":{"alt_text":"Customer feedback for N\u00f6rtti paikalle.","src":"https:\/\/i0.wp.com\/norttipaikalle.fi\/wp-content\/uploads\/2022\/06\/pexels-photo-3762940-e1655798919548.jpeg?fit=1200%2C638&ssl=1&resize=350%2C200","width":350,"height":200,"srcset":"https:\/\/i0.wp.com\/norttipaikalle.fi\/wp-content\/uploads\/2022\/06\/pexels-photo-3762940-e1655798919548.jpeg?fit=1200%2C638&ssl=1&resize=350%2C200 1x, https:\/\/i0.wp.com\/norttipaikalle.fi\/wp-content\/uploads\/2022\/06\/pexels-photo-3762940-e1655798919548.jpeg?fit=1200%2C638&ssl=1&resize=525%2C300 1.5x, https:\/\/i0.wp.com\/norttipaikalle.fi\/wp-content\/uploads\/2022\/06\/pexels-photo-3762940-e1655798919548.jpeg?fit=1200%2C638&ssl=1&resize=700%2C400 2x, https:\/\/i0.wp.com\/norttipaikalle.fi\/wp-content\/uploads\/2022\/06\/pexels-photo-3762940-e1655798919548.jpeg?fit=1200%2C638&ssl=1&resize=1050%2C600 3x"},"classes":[]},{"id":8473,"url":"https:\/\/norttipaikalle.fi\/fi\/saas\/cardscan-stay-connected\/","url_meta":{"origin":1831,"position":5},"title":"CardScan &#8211; Stay connected","author":"Alex","date":"2026-03-20","format":false,"excerpt":"Accelerate your sales pipeline. CardScan.online sends contact information directly to your sales team, and connects you directly to your contact. Instantly.","rel":"","context":"Samankaltainen artikkeli","block_context":{"text":"Samankaltainen artikkeli","link":""},"img":{"alt_text":"Bearded man using smartphone and credit card for online shopping while sitting indoors.","src":"https:\/\/i0.wp.com\/norttipaikalle.fi\/wp-content\/uploads\/2026\/03\/7620913-e1774047052878.jpeg?fit=800%2C488&ssl=1&resize=350%2C200","width":350,"height":200,"srcset":"https:\/\/i0.wp.com\/norttipaikalle.fi\/wp-content\/uploads\/2026\/03\/7620913-e1774047052878.jpeg?fit=800%2C488&ssl=1&resize=350%2C200 1x, https:\/\/i0.wp.com\/norttipaikalle.fi\/wp-content\/uploads\/2026\/03\/7620913-e1774047052878.jpeg?fit=800%2C488&ssl=1&resize=525%2C300 1.5x, https:\/\/i0.wp.com\/norttipaikalle.fi\/wp-content\/uploads\/2026\/03\/7620913-e1774047052878.jpeg?fit=800%2C488&ssl=1&resize=700%2C400 2x"},"classes":[]}],"jetpack_sharing_enabled":true,"jetpack_likes_enabled":true,"_links":{"self":[{"href":"https:\/\/norttipaikalle.fi\/fi\/wp-json\/wp\/v2\/pages\/1831","targetHints":{"allow":["GET"]}}],"collection":[{"href":"https:\/\/norttipaikalle.fi\/fi\/wp-json\/wp\/v2\/pages"}],"about":[{"href":"https:\/\/norttipaikalle.fi\/fi\/wp-json\/wp\/v2\/types\/page"}],"author":[{"embeddable":true,"href":"https:\/\/norttipaikalle.fi\/fi\/wp-json\/wp\/v2\/users\/1"}],"replies":[{"embeddable":true,"href":"https:\/\/norttipaikalle.fi\/fi\/wp-json\/wp\/v2\/comments?post=1831"}],"version-history":[{"count":1,"href":"https:\/\/norttipaikalle.fi\/fi\/wp-json\/wp\/v2\/pages\/1831\/revisions"}],"predecessor-version":[{"id":8733,"href":"https:\/\/norttipaikalle.fi\/fi\/wp-json\/wp\/v2\/pages\/1831\/revisions\/8733"}],"up":[{"embeddable":true,"href":"https:\/\/norttipaikalle.fi\/fi\/wp-json\/wp\/v2\/pages\/75"}],"wp:attachment":[{"href":"https:\/\/norttipaikalle.fi\/fi\/wp-json\/wp\/v2\/media?parent=1831"}],"curies":[{"name":"wp","href":"https:\/\/api.w.org\/{rel}","templated":true}]}}