{"id":7280,"date":"2025-08-08T16:21:03","date_gmt":"2025-08-08T13:21:03","guid":{"rendered":"https:\/\/norttipaikalle.fi\/?page_id=7280"},"modified":"2025-08-08T18:12:25","modified_gmt":"2025-08-08T15:12:25","slug":"customer-account","status":"publish","type":"page","link":"https:\/\/norttipaikalle.fi\/fi\/store\/customer-account\/","title":{"rendered":"Customer account"},"content":{"rendered":"<div class=\"woocommerce\"><\/div>","protected":false},"excerpt":{"rendered":"","protected":false},"author":1,"featured_media":0,"parent":7277,"menu_order":2,"comment_status":"closed","ping_status":"closed","template":"shop-page-template","meta":{"footnotes":""},"class_list":["post-7280","page","type-page","status-publish","hentry"],"yoast_head":"<!-- This site is optimized with the Yoast SEO plugin v27.4 - https:\/\/yoast.com\/product\/yoast-seo-wordpress\/ -->\n<title>Customer account &#8211; N\u00f6rtti paikalle<\/title>\n<meta name=\"description\" content=\"N\u00f6rtti paikalle - Handling your IT, so you don&#039;t have to. \ud83d\ude80\" \/>\n<meta name=\"robots\" content=\"index, follow, max-snippet:-1, max-image-preview:large, max-video-preview:-1\" \/>\n<link rel=\"canonical\" href=\"https:\/\/norttipaikalle.fi\/fi\/store\/customer-account\/\" \/>\n<meta property=\"og:locale\" content=\"fi_FI\" \/>\n<meta property=\"og:type\" content=\"article\" \/>\n<meta property=\"og:title\" content=\"Customer account &#8211; N\u00f6rtti paikalle\" \/>\n<meta property=\"og:description\" content=\"N\u00f6rtti paikalle - Handling your IT, so you don&#039;t have to. \ud83d\ude80\" \/>\n<meta property=\"og:url\" content=\"https:\/\/norttipaikalle.fi\/fi\/store\/customer-account\/\" \/>\n<meta property=\"og:site_name\" content=\"N\u00f6rtti paikalle\" \/>\n<meta property=\"article:publisher\" content=\"https:\/\/www.facebook.com\/norttipaikalle.fi\" \/>\n<meta property=\"article:modified_time\" content=\"2025-08-08T15:12:25+00:00\" \/>\n<meta property=\"og:image\" content=\"https:\/\/i0.wp.com\/norttipaikalle.fi\/wp-content\/uploads\/2022\/11\/img_7062-scaled.jpg?fit=2560%2C1440&ssl=1\" \/>\n\t<meta property=\"og:image:width\" content=\"2560\" \/>\n\t<meta property=\"og:image:height\" content=\"1440\" \/>\n\t<meta property=\"og:image:type\" content=\"image\/jpeg\" \/>\n<meta name=\"twitter:card\" content=\"summary_large_image\" \/>\n<script type=\"application\/ld+json\" class=\"yoast-schema-graph\">{\"@context\":\"https:\\\/\\\/schema.org\",\"@graph\":[{\"@type\":\"WebPage\",\"@id\":\"https:\\\/\\\/norttipaikalle.fi\\\/en_gb\\\/store\\\/customer-account\\\/\",\"url\":\"https:\\\/\\\/norttipaikalle.fi\\\/en_gb\\\/store\\\/customer-account\\\/\",\"name\":\"Customer account &#8211; N\u00f6rtti paikalle\",\"isPartOf\":{\"@id\":\"https:\\\/\\\/norttipaikalle.fi\\\/en_gb\\\/#website\"},\"datePublished\":\"2025-08-08T13:21:03+00:00\",\"dateModified\":\"2025-08-08T15:12:25+00:00\",\"description\":\"N\u00f6rtti paikalle - Handling your IT, so you don't have to. \ud83d\ude80\",\"breadcrumb\":{\"@id\":\"https:\\\/\\\/norttipaikalle.fi\\\/en_gb\\\/store\\\/customer-account\\\/#breadcrumb\"},\"inLanguage\":\"fi\",\"potentialAction\":[{\"@type\":\"ReadAction\",\"target\":[\"https:\\\/\\\/norttipaikalle.fi\\\/en_gb\\\/store\\\/customer-account\\\/\"]}]},{\"@type\":\"BreadcrumbList\",\"@id\":\"https:\\\/\\\/norttipaikalle.fi\\\/en_gb\\\/store\\\/customer-account\\\/#breadcrumb\",\"itemListElement\":[{\"@type\":\"ListItem\",\"position\":1,\"name\":\"Home\",\"item\":\"https:\\\/\\\/norttipaikalle.fi\\\/\"},{\"@type\":\"ListItem\",\"position\":2,\"name\":\"Store\",\"item\":\"https:\\\/\\\/norttipaikalle.fi\\\/en_gb\\\/store\\\/\"},{\"@type\":\"ListItem\",\"position\":3,\"name\":\"Customer account\"}]},{\"@type\":\"WebSite\",\"@id\":\"https:\\\/\\\/norttipaikalle.fi\\\/en_gb\\\/#website\",\"url\":\"https:\\\/\\\/norttipaikalle.fi\\\/en_gb\\\/\",\"name\":\"N\u00f6rtti paikalle\",\"description\":\"Making IT easy \ud83e\udd13\",\"publisher\":{\"@id\":\"https:\\\/\\\/norttipaikalle.fi\\\/en_gb\\\/#organization\"},\"potentialAction\":[{\"@type\":\"SearchAction\",\"target\":{\"@type\":\"EntryPoint\",\"urlTemplate\":\"https:\\\/\\\/norttipaikalle.fi\\\/en_gb\\\/?s={search_term_string}\"},\"query-input\":{\"@type\":\"PropertyValueSpecification\",\"valueRequired\":true,\"valueName\":\"search_term_string\"}}],\"inLanguage\":\"fi\"},{\"@type\":\"Organization\",\"@id\":\"https:\\\/\\\/norttipaikalle.fi\\\/en_gb\\\/#organization\",\"name\":\"N\u00f6rtti paikalle\",\"url\":\"https:\\\/\\\/norttipaikalle.fi\\\/en_gb\\\/\",\"logo\":{\"@type\":\"ImageObject\",\"inLanguage\":\"fi\",\"@id\":\"https:\\\/\\\/norttipaikalle.fi\\\/en_gb\\\/#\\\/schema\\\/logo\\\/image\\\/\",\"url\":\"https:\\\/\\\/norttipaikalle.fi\\\/wp-content\\\/uploads\\\/2022\\\/03\\\/cropped-nerd-1.png\",\"contentUrl\":\"https:\\\/\\\/norttipaikalle.fi\\\/wp-content\\\/uploads\\\/2022\\\/03\\\/cropped-nerd-1.png\",\"width\":512,\"height\":512,\"caption\":\"N\u00f6rtti paikalle\"},\"image\":{\"@id\":\"https:\\\/\\\/norttipaikalle.fi\\\/en_gb\\\/#\\\/schema\\\/logo\\\/image\\\/\"},\"sameAs\":[\"https:\\\/\\\/www.facebook.com\\\/norttipaikalle.fi\",\"https:\\\/\\\/www.instagram.com\\\/norttipaikalle\",\"http:\\\/\\\/www.linkedin.com\\\/in\\\/alexjmetcalfe\"]}]}<\/script>\n<!-- \/ Yoast SEO plugin. -->","yoast_head_json":{"title":"Customer account &#8211; N\u00f6rtti paikalle","description":"N\u00f6rtti paikalle - Handling your IT, so you don't have to. \ud83d\ude80","robots":{"index":"index","follow":"follow","max-snippet":"max-snippet:-1","max-image-preview":"max-image-preview:large","max-video-preview":"max-video-preview:-1"},"canonical":"https:\/\/norttipaikalle.fi\/fi\/store\/customer-account\/","og_locale":"fi_FI","og_type":"article","og_title":"Customer account &#8211; N\u00f6rtti paikalle","og_description":"N\u00f6rtti paikalle - Handling your IT, so you don't have to. \ud83d\ude80","og_url":"https:\/\/norttipaikalle.fi\/fi\/store\/customer-account\/","og_site_name":"N\u00f6rtti paikalle","article_publisher":"https:\/\/www.facebook.com\/norttipaikalle.fi","article_modified_time":"2025-08-08T15:12:25+00:00","og_image":[{"width":2560,"height":1440,"url":"https:\/\/i0.wp.com\/norttipaikalle.fi\/wp-content\/uploads\/2022\/11\/img_7062-scaled.jpg?fit=2560%2C1440&ssl=1","type":"image\/jpeg"}],"twitter_card":"summary_large_image","schema":{"@context":"https:\/\/schema.org","@graph":[{"@type":"WebPage","@id":"https:\/\/norttipaikalle.fi\/en_gb\/store\/customer-account\/","url":"https:\/\/norttipaikalle.fi\/en_gb\/store\/customer-account\/","name":"Customer account &#8211; N\u00f6rtti paikalle","isPartOf":{"@id":"https:\/\/norttipaikalle.fi\/en_gb\/#website"},"datePublished":"2025-08-08T13:21:03+00:00","dateModified":"2025-08-08T15:12:25+00:00","description":"N\u00f6rtti paikalle - Handling your IT, so you don't have to. \ud83d\ude80","breadcrumb":{"@id":"https:\/\/norttipaikalle.fi\/en_gb\/store\/customer-account\/#breadcrumb"},"inLanguage":"fi","potentialAction":[{"@type":"ReadAction","target":["https:\/\/norttipaikalle.fi\/en_gb\/store\/customer-account\/"]}]},{"@type":"BreadcrumbList","@id":"https:\/\/norttipaikalle.fi\/en_gb\/store\/customer-account\/#breadcrumb","itemListElement":[{"@type":"ListItem","position":1,"name":"Home","item":"https:\/\/norttipaikalle.fi\/"},{"@type":"ListItem","position":2,"name":"Store","item":"https:\/\/norttipaikalle.fi\/en_gb\/store\/"},{"@type":"ListItem","position":3,"name":"Customer account"}]},{"@type":"WebSite","@id":"https:\/\/norttipaikalle.fi\/en_gb\/#website","url":"https:\/\/norttipaikalle.fi\/en_gb\/","name":"N\u00f6rtti paikalle","description":"Tehd\u00e4\u00e4n tietotekniikasta helppoa \ud83e\udd13","publisher":{"@id":"https:\/\/norttipaikalle.fi\/en_gb\/#organization"},"potentialAction":[{"@type":"SearchAction","target":{"@type":"EntryPoint","urlTemplate":"https:\/\/norttipaikalle.fi\/en_gb\/?s={search_term_string}"},"query-input":{"@type":"PropertyValueSpecification","valueRequired":true,"valueName":"search_term_string"}}],"inLanguage":"fi"},{"@type":"Organization","@id":"https:\/\/norttipaikalle.fi\/en_gb\/#organization","name":"N\u00f6rtti paikalle","url":"https:\/\/norttipaikalle.fi\/en_gb\/","logo":{"@type":"ImageObject","inLanguage":"fi","@id":"https:\/\/norttipaikalle.fi\/en_gb\/#\/schema\/logo\/image\/","url":"https:\/\/norttipaikalle.fi\/wp-content\/uploads\/2022\/03\/cropped-nerd-1.png","contentUrl":"https:\/\/norttipaikalle.fi\/wp-content\/uploads\/2022\/03\/cropped-nerd-1.png","width":512,"height":512,"caption":"N\u00f6rtti paikalle"},"image":{"@id":"https:\/\/norttipaikalle.fi\/en_gb\/#\/schema\/logo\/image\/"},"sameAs":["https:\/\/www.facebook.com\/norttipaikalle.fi","https:\/\/www.instagram.com\/norttipaikalle","http:\/\/www.linkedin.com\/in\/alexjmetcalfe"]}]}},"jetpack-related-posts":[{"id":5031,"url":"https:\/\/norttipaikalle.fi\/fi\/it-as-a-service\/business-it-solutions\/","url_meta":{"origin":7280,"position":0},"title":"Yritysten IT-ratkaisut","author":"Alex","date":"2025-01-31","format":false,"excerpt":"introduction.txt \ud83d\udfe2 \ud83d\udfe1 \ud83d\udd34 Whether you are just starting out, or have an established business, business IT solutions from N\u00f6rtti paikalle helps you get the most out of your IT environment. Office software Office software, email, team collaboration apps, web browsers, file sharing, password management apps, desktop publishing, graphic design;\u2026","rel":"","context":"Samankaltainen artikkeli","block_context":{"text":"Samankaltainen artikkeli","link":""},"img":{"alt_text":"Alex Metcalfe N\u00f6rtti Paikalle provides business IT solutions","src":"https:\/\/i0.wp.com\/norttipaikalle.fi\/wp-content\/uploads\/2022\/11\/pexels-photo-5256525.jpeg?fit=1200%2C800&ssl=1&resize=350%2C200","width":350,"height":200,"srcset":"https:\/\/i0.wp.com\/norttipaikalle.fi\/wp-content\/uploads\/2022\/11\/pexels-photo-5256525.jpeg?fit=1200%2C800&ssl=1&resize=350%2C200 1x, https:\/\/i0.wp.com\/norttipaikalle.fi\/wp-content\/uploads\/2022\/11\/pexels-photo-5256525.jpeg?fit=1200%2C800&ssl=1&resize=525%2C300 1.5x, https:\/\/i0.wp.com\/norttipaikalle.fi\/wp-content\/uploads\/2022\/11\/pexels-photo-5256525.jpeg?fit=1200%2C800&ssl=1&resize=700%2C400 2x, https:\/\/i0.wp.com\/norttipaikalle.fi\/wp-content\/uploads\/2022\/11\/pexels-photo-5256525.jpeg?fit=1200%2C800&ssl=1&resize=1050%2C600 3x"},"classes":[]},{"id":3,"url":"https:\/\/norttipaikalle.fi\/fi\/nortti-paikalle-it-tuki\/privacy-policy\/","url_meta":{"origin":7280,"position":1},"title":"Tietosuojak\u00e4yt\u00e4nt\u00f6","author":"Alex","date":"2022-02-11","format":false,"excerpt":"Who we are Our website address is: https:\/\/n\u00f6rttipaikalle.fi Comments When visitors leave comments on the site we collect the data shown in the comments form, and also the visitor\u2019s IP address and browser user agent string to help spam detection. An anonymized string created from your email address (also called\u2026","rel":"","context":"Samankaltainen artikkeli","block_context":{"text":"Samankaltainen artikkeli","link":""},"img":{"alt_text":"grayscale photo of woman doing silent hand sign","src":"https:\/\/i0.wp.com\/norttipaikalle.fi\/wp-content\/uploads\/2026\/03\/bcjdbykwquw.jpg?fit=1200%2C768&ssl=1&resize=350%2C200","width":350,"height":200,"srcset":"https:\/\/i0.wp.com\/norttipaikalle.fi\/wp-content\/uploads\/2026\/03\/bcjdbykwquw.jpg?fit=1200%2C768&ssl=1&resize=350%2C200 1x, https:\/\/i0.wp.com\/norttipaikalle.fi\/wp-content\/uploads\/2026\/03\/bcjdbykwquw.jpg?fit=1200%2C768&ssl=1&resize=525%2C300 1.5x, https:\/\/i0.wp.com\/norttipaikalle.fi\/wp-content\/uploads\/2026\/03\/bcjdbykwquw.jpg?fit=1200%2C768&ssl=1&resize=700%2C400 2x, https:\/\/i0.wp.com\/norttipaikalle.fi\/wp-content\/uploads\/2026\/03\/bcjdbykwquw.jpg?fit=1200%2C768&ssl=1&resize=1050%2C600 3x"},"classes":[]},{"id":5505,"url":"https:\/\/norttipaikalle.fi\/fi\/it-as-a-service\/email-security-monitoring-and-response\/","url_meta":{"origin":7280,"position":2},"title":"S\u00e4hk\u00f6postin tietoturva \u2013 Aktiivinen valvonta ja reagointi","author":"Alex","date":"2025-05-09","format":false,"excerpt":"overview.txt \ud83d\udfe2 \ud83d\udfe1 \ud83d\udd34 Since May 2025, having DMARC set correctly for your domain is no longer optional. Microsoft, Google, and Yahoo are now making it a requirement for senders to be properly authenticated. Senders without full authentication in place are at risk of being marked as spam, and even\u2026","rel":"","context":"Samankaltainen artikkeli","block_context":{"text":"Samankaltainen artikkeli","link":""},"img":{"alt_text":"close up photo of person typing on laptop","src":"https:\/\/i0.wp.com\/norttipaikalle.fi\/wp-content\/uploads\/2025\/05\/pexels-photo-1181675.jpeg?fit=1200%2C801&ssl=1&resize=350%2C200","width":350,"height":200,"srcset":"https:\/\/i0.wp.com\/norttipaikalle.fi\/wp-content\/uploads\/2025\/05\/pexels-photo-1181675.jpeg?fit=1200%2C801&ssl=1&resize=350%2C200 1x, https:\/\/i0.wp.com\/norttipaikalle.fi\/wp-content\/uploads\/2025\/05\/pexels-photo-1181675.jpeg?fit=1200%2C801&ssl=1&resize=525%2C300 1.5x, https:\/\/i0.wp.com\/norttipaikalle.fi\/wp-content\/uploads\/2025\/05\/pexels-photo-1181675.jpeg?fit=1200%2C801&ssl=1&resize=700%2C400 2x, https:\/\/i0.wp.com\/norttipaikalle.fi\/wp-content\/uploads\/2025\/05\/pexels-photo-1181675.jpeg?fit=1200%2C801&ssl=1&resize=1050%2C600 3x"},"classes":[]},{"id":902,"url":"https:\/\/norttipaikalle.fi\/fi\/customer-feedback-what-my-customers-say\/","url_meta":{"origin":7280,"position":3},"title":"Asiakkaiden palaute","author":"Alex","date":"2022-06-03","format":false,"excerpt":"thank_you.run \ud83d\udfe2 \ud83d\udfe1 \ud83d\udd34 A huge shout out to all the amazing folks who have entrusted me to support them with the IT! It's a pleasure to work with each and every one of you. Thank you! Jump to reviewsEntrepreneurs & SMBsVideo recommendationsSocial media reviewsReadLinkedIn recommendations Susanna Ahvalo Susanna was\u2026","rel":"","context":"Samankaltainen artikkeli","block_context":{"text":"Samankaltainen artikkeli","link":""},"img":{"alt_text":"Customer feedback for N\u00f6rtti kotiin.","src":"https:\/\/i0.wp.com\/norttipaikalle.fi\/wp-content\/uploads\/2022\/06\/pexels-photo-3762940-e1655798919548.jpeg?fit=1200%2C638&ssl=1&resize=350%2C200","width":350,"height":200,"srcset":"https:\/\/i0.wp.com\/norttipaikalle.fi\/wp-content\/uploads\/2022\/06\/pexels-photo-3762940-e1655798919548.jpeg?fit=1200%2C638&ssl=1&resize=350%2C200 1x, https:\/\/i0.wp.com\/norttipaikalle.fi\/wp-content\/uploads\/2022\/06\/pexels-photo-3762940-e1655798919548.jpeg?fit=1200%2C638&ssl=1&resize=525%2C300 1.5x, https:\/\/i0.wp.com\/norttipaikalle.fi\/wp-content\/uploads\/2022\/06\/pexels-photo-3762940-e1655798919548.jpeg?fit=1200%2C638&ssl=1&resize=700%2C400 2x, https:\/\/i0.wp.com\/norttipaikalle.fi\/wp-content\/uploads\/2022\/06\/pexels-photo-3762940-e1655798919548.jpeg?fit=1200%2C638&ssl=1&resize=1050%2C600 3x"},"classes":[]},{"id":8336,"url":"https:\/\/norttipaikalle.fi\/fi\/saas\/ai-powered-chat-bot\/","url_meta":{"origin":7280,"position":4},"title":"AI powered Chat-bot","author":"Alex","date":"2026-03-13","format":false,"excerpt":"Turn website visitors into qualified leads automatically An AI assistant trained on your business, built for therapists, consultants, small service companies, and anyone else who does\u2019t want to babysit an inbox. Book a 15 minute call Key features A bespoke AI powered assistant which is trained on your own website's\u2026","rel":"","context":"Samankaltainen artikkeli","block_context":{"text":"Samankaltainen artikkeli","link":""},"img":{"alt_text":"Vibe coding, ChatBot, AI","src":"https:\/\/i0.wp.com\/norttipaikalle.fi\/wp-content\/uploads\/2026\/03\/bot.jpg?fit=1200%2C675&ssl=1&resize=350%2C200","width":350,"height":200,"srcset":"https:\/\/i0.wp.com\/norttipaikalle.fi\/wp-content\/uploads\/2026\/03\/bot.jpg?fit=1200%2C675&ssl=1&resize=350%2C200 1x, https:\/\/i0.wp.com\/norttipaikalle.fi\/wp-content\/uploads\/2026\/03\/bot.jpg?fit=1200%2C675&ssl=1&resize=525%2C300 1.5x, https:\/\/i0.wp.com\/norttipaikalle.fi\/wp-content\/uploads\/2026\/03\/bot.jpg?fit=1200%2C675&ssl=1&resize=700%2C400 2x, https:\/\/i0.wp.com\/norttipaikalle.fi\/wp-content\/uploads\/2026\/03\/bot.jpg?fit=1200%2C675&ssl=1&resize=1050%2C600 3x"},"classes":[]},{"id":1223,"url":"https:\/\/norttipaikalle.fi\/fi\/it-as-a-service\/websites\/","url_meta":{"origin":7280,"position":5},"title":"Verkkosivustoja","author":"Alex","date":"2022-09-14","format":false,"excerpt":"first_impressions.info \ud83d\udfe2 \ud83d\udfe1 \ud83d\udd34 Your website is your public face on the Internet, and first impressions do count! Whether you are a Social Media Influencer who is wanting an impressive personal blog, or an entrepreneur or business looking to market your services, N\u00f6rtti paikalle is here for you. Wordpress, Wix,\u2026","rel":"","context":"Samankaltainen artikkeli","block_context":{"text":"Samankaltainen artikkeli","link":""},"img":{"alt_text":"N\u00f6rtti kotiin. Services for websites.","src":"https:\/\/i0.wp.com\/norttipaikalle.fi\/wp-content\/uploads\/2022\/09\/pexels-photo-285814.jpeg?fit=1200%2C800&ssl=1&resize=350%2C200","width":350,"height":200,"srcset":"https:\/\/i0.wp.com\/norttipaikalle.fi\/wp-content\/uploads\/2022\/09\/pexels-photo-285814.jpeg?fit=1200%2C800&ssl=1&resize=350%2C200 1x, https:\/\/i0.wp.com\/norttipaikalle.fi\/wp-content\/uploads\/2022\/09\/pexels-photo-285814.jpeg?fit=1200%2C800&ssl=1&resize=525%2C300 1.5x, https:\/\/i0.wp.com\/norttipaikalle.fi\/wp-content\/uploads\/2022\/09\/pexels-photo-285814.jpeg?fit=1200%2C800&ssl=1&resize=700%2C400 2x, https:\/\/i0.wp.com\/norttipaikalle.fi\/wp-content\/uploads\/2022\/09\/pexels-photo-285814.jpeg?fit=1200%2C800&ssl=1&resize=1050%2C600 3x"},"classes":[]}],"jetpack_sharing_enabled":true,"jetpack_likes_enabled":true,"_links":{"self":[{"href":"https:\/\/norttipaikalle.fi\/fi\/wp-json\/wp\/v2\/pages\/7280","targetHints":{"allow":["GET"]}}],"collection":[{"href":"https:\/\/norttipaikalle.fi\/fi\/wp-json\/wp\/v2\/pages"}],"about":[{"href":"https:\/\/norttipaikalle.fi\/fi\/wp-json\/wp\/v2\/types\/page"}],"author":[{"embeddable":true,"href":"https:\/\/norttipaikalle.fi\/fi\/wp-json\/wp\/v2\/users\/1"}],"replies":[{"embeddable":true,"href":"https:\/\/norttipaikalle.fi\/fi\/wp-json\/wp\/v2\/comments?post=7280"}],"version-history":[{"count":0,"href":"https:\/\/norttipaikalle.fi\/fi\/wp-json\/wp\/v2\/pages\/7280\/revisions"}],"up":[{"embeddable":true,"href":"https:\/\/norttipaikalle.fi\/fi\/wp-json\/wp\/v2\/pages\/7277"}],"wp:attachment":[{"href":"https:\/\/norttipaikalle.fi\/fi\/wp-json\/wp\/v2\/media?parent=7280"}],"curies":[{"name":"wp","href":"https:\/\/api.w.org\/{rel}","templated":true}]}}