{"id":7287,"date":"2025-08-08T16:24:42","date_gmt":"2025-08-08T13:24:42","guid":{"rendered":"https:\/\/norttipaikalle.fi\/?page_id=7287"},"modified":"2025-08-08T21:23:08","modified_gmt":"2025-08-08T18:23:08","slug":"cart","status":"publish","type":"page","link":"https:\/\/norttipaikalle.fi\/fi\/store\/cart\/","title":{"rendered":"Kori"},"content":{"rendered":"","protected":false},"excerpt":{"rendered":"","protected":false},"author":1,"featured_media":0,"parent":7277,"menu_order":1,"comment_status":"closed","ping_status":"closed","template":"","meta":{"footnotes":""},"class_list":["post-7287","page","type-page","status-publish","hentry"],"yoast_head":"<!-- This site is optimized with the Yoast SEO plugin v27.4 - https:\/\/yoast.com\/product\/yoast-seo-wordpress\/ -->\n<title>Basket &#8211; N\u00f6rtti paikalle<\/title>\n<meta name=\"description\" content=\"N\u00f6rtti paikalle - Handling your IT, so you don&#039;t have to. \ud83d\ude80\" \/>\n<meta name=\"robots\" content=\"index, follow, max-snippet:-1, max-image-preview:large, max-video-preview:-1\" \/>\n<link rel=\"canonical\" href=\"https:\/\/norttipaikalle.fi\/fi\/store\/cart\/\" \/>\n<meta property=\"og:locale\" content=\"fi_FI\" \/>\n<meta property=\"og:type\" content=\"article\" \/>\n<meta property=\"og:title\" content=\"Basket &#8211; N\u00f6rtti paikalle\" \/>\n<meta property=\"og:description\" content=\"N\u00f6rtti paikalle - Handling your IT, so you don&#039;t have to. \ud83d\ude80\" \/>\n<meta property=\"og:url\" content=\"https:\/\/norttipaikalle.fi\/fi\/store\/cart\/\" \/>\n<meta property=\"og:site_name\" content=\"N\u00f6rtti paikalle\" \/>\n<meta property=\"article:publisher\" content=\"https:\/\/www.facebook.com\/norttipaikalle.fi\" \/>\n<meta property=\"article:modified_time\" content=\"2025-08-08T18:23:08+00:00\" \/>\n<meta property=\"og:image\" content=\"https:\/\/i0.wp.com\/norttipaikalle.fi\/wp-content\/uploads\/2022\/11\/img_7062-scaled.jpg?fit=2560%2C1440&ssl=1\" \/>\n\t<meta property=\"og:image:width\" content=\"2560\" \/>\n\t<meta property=\"og:image:height\" content=\"1440\" \/>\n\t<meta property=\"og:image:type\" content=\"image\/jpeg\" \/>\n<meta name=\"twitter:card\" content=\"summary_large_image\" \/>\n<meta name=\"twitter:label1\" content=\"Arvioitu lukuaika\" \/>\n\t<meta name=\"twitter:data1\" content=\"1 minuutti\" \/>\n<script type=\"application\/ld+json\" class=\"yoast-schema-graph\">{\"@context\":\"https:\\\/\\\/schema.org\",\"@graph\":[{\"@type\":\"WebPage\",\"@id\":\"https:\\\/\\\/norttipaikalle.fi\\\/fi\\\/store\\\/cart\\\/\",\"url\":\"https:\\\/\\\/norttipaikalle.fi\\\/fi\\\/store\\\/cart\\\/\",\"name\":\"Basket &#8211; N\u00f6rtti paikalle\",\"isPartOf\":{\"@id\":\"https:\\\/\\\/norttipaikalle.fi\\\/en_gb\\\/#website\"},\"datePublished\":\"2025-08-08T13:24:42+00:00\",\"dateModified\":\"2025-08-08T18:23:08+00:00\",\"description\":\"N\u00f6rtti paikalle - Handling your IT, so you don't have to. \ud83d\ude80\",\"breadcrumb\":{\"@id\":\"https:\\\/\\\/norttipaikalle.fi\\\/fi\\\/store\\\/cart\\\/#breadcrumb\"},\"inLanguage\":\"fi\",\"potentialAction\":[{\"@type\":\"ReadAction\",\"target\":[\"https:\\\/\\\/norttipaikalle.fi\\\/fi\\\/store\\\/cart\\\/\"]}]},{\"@type\":\"BreadcrumbList\",\"@id\":\"https:\\\/\\\/norttipaikalle.fi\\\/fi\\\/store\\\/cart\\\/#breadcrumb\",\"itemListElement\":[{\"@type\":\"ListItem\",\"position\":1,\"name\":\"Home\",\"item\":\"https:\\\/\\\/norttipaikalle.fi\\\/\"},{\"@type\":\"ListItem\",\"position\":2,\"name\":\"Store\",\"item\":\"https:\\\/\\\/norttipaikalle.fi\\\/en_gb\\\/store\\\/\"},{\"@type\":\"ListItem\",\"position\":3,\"name\":\"Basket\"}]},{\"@type\":\"WebSite\",\"@id\":\"https:\\\/\\\/norttipaikalle.fi\\\/en_gb\\\/#website\",\"url\":\"https:\\\/\\\/norttipaikalle.fi\\\/en_gb\\\/\",\"name\":\"N\u00f6rtti paikalle\",\"description\":\"Making IT easy \ud83e\udd13\",\"publisher\":{\"@id\":\"https:\\\/\\\/norttipaikalle.fi\\\/en_gb\\\/#organization\"},\"potentialAction\":[{\"@type\":\"SearchAction\",\"target\":{\"@type\":\"EntryPoint\",\"urlTemplate\":\"https:\\\/\\\/norttipaikalle.fi\\\/en_gb\\\/?s={search_term_string}\"},\"query-input\":{\"@type\":\"PropertyValueSpecification\",\"valueRequired\":true,\"valueName\":\"search_term_string\"}}],\"inLanguage\":\"fi\"},{\"@type\":\"Organization\",\"@id\":\"https:\\\/\\\/norttipaikalle.fi\\\/en_gb\\\/#organization\",\"name\":\"N\u00f6rtti paikalle\",\"url\":\"https:\\\/\\\/norttipaikalle.fi\\\/en_gb\\\/\",\"logo\":{\"@type\":\"ImageObject\",\"inLanguage\":\"fi\",\"@id\":\"https:\\\/\\\/norttipaikalle.fi\\\/en_gb\\\/#\\\/schema\\\/logo\\\/image\\\/\",\"url\":\"https:\\\/\\\/norttipaikalle.fi\\\/wp-content\\\/uploads\\\/2022\\\/03\\\/cropped-nerd-1.png\",\"contentUrl\":\"https:\\\/\\\/norttipaikalle.fi\\\/wp-content\\\/uploads\\\/2022\\\/03\\\/cropped-nerd-1.png\",\"width\":512,\"height\":512,\"caption\":\"N\u00f6rtti paikalle\"},\"image\":{\"@id\":\"https:\\\/\\\/norttipaikalle.fi\\\/en_gb\\\/#\\\/schema\\\/logo\\\/image\\\/\"},\"sameAs\":[\"https:\\\/\\\/www.facebook.com\\\/norttipaikalle.fi\",\"https:\\\/\\\/www.instagram.com\\\/norttipaikalle\",\"http:\\\/\\\/www.linkedin.com\\\/in\\\/alexjmetcalfe\"]}]}<\/script>\n<!-- \/ Yoast SEO plugin. -->","yoast_head_json":{"title":"Basket &#8211; N\u00f6rtti paikalle","description":"N\u00f6rtti paikalle - Handling your IT, so you don't have to. \ud83d\ude80","robots":{"index":"index","follow":"follow","max-snippet":"max-snippet:-1","max-image-preview":"max-image-preview:large","max-video-preview":"max-video-preview:-1"},"canonical":"https:\/\/norttipaikalle.fi\/fi\/store\/cart\/","og_locale":"fi_FI","og_type":"article","og_title":"Basket &#8211; N\u00f6rtti paikalle","og_description":"N\u00f6rtti paikalle - Handling your IT, so you don't have to. \ud83d\ude80","og_url":"https:\/\/norttipaikalle.fi\/fi\/store\/cart\/","og_site_name":"N\u00f6rtti paikalle","article_publisher":"https:\/\/www.facebook.com\/norttipaikalle.fi","article_modified_time":"2025-08-08T18:23:08+00:00","og_image":[{"width":2560,"height":1440,"url":"https:\/\/i0.wp.com\/norttipaikalle.fi\/wp-content\/uploads\/2022\/11\/img_7062-scaled.jpg?fit=2560%2C1440&ssl=1","type":"image\/jpeg"}],"twitter_card":"summary_large_image","twitter_misc":{"Arvioitu lukuaika":"1 minuutti"},"schema":{"@context":"https:\/\/schema.org","@graph":[{"@type":"WebPage","@id":"https:\/\/norttipaikalle.fi\/fi\/store\/cart\/","url":"https:\/\/norttipaikalle.fi\/fi\/store\/cart\/","name":"Basket &#8211; N\u00f6rtti paikalle","isPartOf":{"@id":"https:\/\/norttipaikalle.fi\/en_gb\/#website"},"datePublished":"2025-08-08T13:24:42+00:00","dateModified":"2025-08-08T18:23:08+00:00","description":"N\u00f6rtti paikalle - Handling your IT, so you don't have to. \ud83d\ude80","breadcrumb":{"@id":"https:\/\/norttipaikalle.fi\/fi\/store\/cart\/#breadcrumb"},"inLanguage":"fi","potentialAction":[{"@type":"ReadAction","target":["https:\/\/norttipaikalle.fi\/fi\/store\/cart\/"]}]},{"@type":"BreadcrumbList","@id":"https:\/\/norttipaikalle.fi\/fi\/store\/cart\/#breadcrumb","itemListElement":[{"@type":"ListItem","position":1,"name":"Home","item":"https:\/\/norttipaikalle.fi\/"},{"@type":"ListItem","position":2,"name":"Store","item":"https:\/\/norttipaikalle.fi\/en_gb\/store\/"},{"@type":"ListItem","position":3,"name":"Basket"}]},{"@type":"WebSite","@id":"https:\/\/norttipaikalle.fi\/en_gb\/#website","url":"https:\/\/norttipaikalle.fi\/en_gb\/","name":"N\u00f6rtti paikalle","description":"Tehd\u00e4\u00e4n tietotekniikasta helppoa \ud83e\udd13","publisher":{"@id":"https:\/\/norttipaikalle.fi\/en_gb\/#organization"},"potentialAction":[{"@type":"SearchAction","target":{"@type":"EntryPoint","urlTemplate":"https:\/\/norttipaikalle.fi\/en_gb\/?s={search_term_string}"},"query-input":{"@type":"PropertyValueSpecification","valueRequired":true,"valueName":"search_term_string"}}],"inLanguage":"fi"},{"@type":"Organization","@id":"https:\/\/norttipaikalle.fi\/en_gb\/#organization","name":"N\u00f6rtti paikalle","url":"https:\/\/norttipaikalle.fi\/en_gb\/","logo":{"@type":"ImageObject","inLanguage":"fi","@id":"https:\/\/norttipaikalle.fi\/en_gb\/#\/schema\/logo\/image\/","url":"https:\/\/norttipaikalle.fi\/wp-content\/uploads\/2022\/03\/cropped-nerd-1.png","contentUrl":"https:\/\/norttipaikalle.fi\/wp-content\/uploads\/2022\/03\/cropped-nerd-1.png","width":512,"height":512,"caption":"N\u00f6rtti paikalle"},"image":{"@id":"https:\/\/norttipaikalle.fi\/en_gb\/#\/schema\/logo\/image\/"},"sameAs":["https:\/\/www.facebook.com\/norttipaikalle.fi","https:\/\/www.instagram.com\/norttipaikalle","http:\/\/www.linkedin.com\/in\/alexjmetcalfe"]}]}},"jetpack-related-posts":[],"jetpack_sharing_enabled":true,"jetpack_likes_enabled":true,"_links":{"self":[{"href":"https:\/\/norttipaikalle.fi\/fi\/wp-json\/wp\/v2\/pages\/7287","targetHints":{"allow":["GET"]}}],"collection":[{"href":"https:\/\/norttipaikalle.fi\/fi\/wp-json\/wp\/v2\/pages"}],"about":[{"href":"https:\/\/norttipaikalle.fi\/fi\/wp-json\/wp\/v2\/types\/page"}],"author":[{"embeddable":true,"href":"https:\/\/norttipaikalle.fi\/fi\/wp-json\/wp\/v2\/users\/1"}],"replies":[{"embeddable":true,"href":"https:\/\/norttipaikalle.fi\/fi\/wp-json\/wp\/v2\/comments?post=7287"}],"version-history":[{"count":0,"href":"https:\/\/norttipaikalle.fi\/fi\/wp-json\/wp\/v2\/pages\/7287\/revisions"}],"up":[{"embeddable":true,"href":"https:\/\/norttipaikalle.fi\/fi\/wp-json\/wp\/v2\/pages\/7277"}],"wp:attachment":[{"href":"https:\/\/norttipaikalle.fi\/fi\/wp-json\/wp\/v2\/media?parent=7287"}],"curies":[{"name":"wp","href":"https:\/\/api.w.org\/{rel}","templated":true}]}}