{"id":8336,"date":"2026-03-13T14:37:50","date_gmt":"2026-03-13T12:37:50","guid":{"rendered":"https:\/\/norttipaikalle.fi\/?page_id=8336"},"modified":"2026-04-17T10:06:22","modified_gmt":"2026-04-17T07:06:22","slug":"ai-powered-chat-bot","status":"publish","type":"page","link":"https:\/\/norttipaikalle.fi\/fi\/saas\/ai-powered-chat-bot\/","title":{"rendered":"AI powered Chat-bot"},"content":{"rendered":"<div class=\"wp-block-group has-global-padding is-layout-constrained wp-container-core-group-is-layout-346627ba wp-block-group-is-layout-constrained\">\n<div class=\"wp-block-group has-global-padding is-layout-constrained wp-block-group-is-layout-constrained\">\n<h2 class=\"wp-block-heading\">Muunna verkkosivuston k\u00e4vij\u00e4t automaattisesti potentiaalisiksi asiakkaiksi<\/h2>\n\n\n\n<p>An AI assistant trained on your business, built for therapists, consultants, small service companies, and anyone else who does\u2019t want to babysit an inbox.<\/p>\n\n\n\n<div class=\"wp-block-buttons is-layout-flex wp-block-buttons-is-layout-flex\">\n<div class=\"wp-block-button\"><a class=\"wp-block-button__link wp-element-button\" href=\"https:\/\/cal.eu\/norttipaikalle\/15-min-call\" target=\"_blank\" rel=\"noreferrer noopener\">Varaa 15 minuutin puhelu<\/a><\/div>\n<\/div>\n<\/div>\n\n\n\n<div class=\"wp-block-media-text has-media-on-the-right is-stacked-on-mobile has-border-color has-accent-4-border-color has-background\" style=\"border-width:1px;border-top-left-radius:25px;border-top-right-radius:25px;border-bottom-left-radius:25px;border-bottom-right-radius:25px;background-color:#f0f0f0;padding-right:var(--wp--preset--spacing--40)\"><div class=\"wp-block-media-text__content\">\n<h2 class=\"wp-block-heading\" style=\"padding-top:0\">T\u00e4rkeimm\u00e4t ominaisuudet<\/h2>\n\n\n\n<p>A bespoke AI powered assistant which is trained on your own website&#8217;s data.  Perfect for helping casual visitors become customers.<\/p>\n\n\n\n<p><strong>Vastaa kysymyksiin luonnollisesti<\/strong> \u2013 Avustaja vastaa k\u00e4vij\u00f6iden kysymyksiin. Vaikka avustajan ensisijaisena tavoitteena on toimittaa sinulle laadukkaita liidej\u00e4 suoraan s\u00e4hk\u00f6postiisi, se pystyy my\u00f6s tarjoamaan tietoa verkkosivustoltasi luonnollisella tavalla.<\/p>\n\n\n\n<p><strong>Laajennettavissa \u2013<\/strong> P\u00e4ivit\u00e4 tietokanta itse. Kehitt\u00e4j\u00e4\u00e4 ei tarvita.<\/p>\n\n\n\n<p><strong>Tietosuoja ennen kaikkea<\/strong> \u2013 J\u00e4rjestelm\u00e4 ei tallenna tietoja. Kun liidi on arvioitu, avustaja l\u00e4hett\u00e4\u00e4 sinulle s\u00e4hk\u00f6postitse yhteystiedot ja keskustelun t\u00e4ydellisen transkriptin.<\/p>\n\n\n\n<p><strong>Sinun puoleltasi ei vaadita teknisi\u00e4 asetuksia<\/strong> \u2013 Hoidan kaiken luomisesta asennukseen ja konfigurointiin<\/p>\n<\/div><figure class=\"wp-block-media-text__media\"><img data-recalc-dims=\"1\" decoding=\"async\" width=\"834\" height=\"748\" src=\"https:\/\/i0.wp.com\/norttipaikalle.fi\/wp-content\/uploads\/2026\/03\/Screenshot-2026-03-13-at-14.48.42.png?resize=834%2C748&#038;ssl=1\" alt=\"\" class=\"wp-image-8340 size-full\" srcset=\"https:\/\/i0.wp.com\/norttipaikalle.fi\/wp-content\/uploads\/2026\/03\/Screenshot-2026-03-13-at-14.48.42.png?w=834&amp;ssl=1 834w, https:\/\/i0.wp.com\/norttipaikalle.fi\/wp-content\/uploads\/2026\/03\/Screenshot-2026-03-13-at-14.48.42.png?resize=300%2C269&amp;ssl=1 300w, https:\/\/i0.wp.com\/norttipaikalle.fi\/wp-content\/uploads\/2026\/03\/Screenshot-2026-03-13-at-14.48.42.png?resize=768%2C689&amp;ssl=1 768w, https:\/\/i0.wp.com\/norttipaikalle.fi\/wp-content\/uploads\/2026\/03\/Screenshot-2026-03-13-at-14.48.42.png?resize=13%2C12&amp;ssl=1 13w, https:\/\/i0.wp.com\/norttipaikalle.fi\/wp-content\/uploads\/2026\/03\/Screenshot-2026-03-13-at-14.48.42.png?resize=400%2C359&amp;ssl=1 400w\" sizes=\"(max-width: 834px) 100vw, 834px\" \/><\/figure><\/div>\n\n\n\n<div class=\"wp-block-media-text is-stacked-on-mobile is-vertically-aligned-center\"><figure class=\"wp-block-media-text__media\"><img data-recalc-dims=\"1\" decoding=\"async\" width=\"1024\" height=\"576\" src=\"https:\/\/i0.wp.com\/norttipaikalle.fi\/wp-content\/uploads\/2026\/03\/h1rvzgywxjy.jpg?resize=1024%2C576&#038;ssl=1\" alt=\"Young woman using a smartphone on a couch.\" class=\"wp-image-8568 size-full\" srcset=\"https:\/\/i0.wp.com\/norttipaikalle.fi\/wp-content\/uploads\/2026\/03\/h1rvzgywxjy.jpg?resize=1024%2C576&amp;ssl=1 1024w, https:\/\/i0.wp.com\/norttipaikalle.fi\/wp-content\/uploads\/2026\/03\/h1rvzgywxjy.jpg?resize=300%2C169&amp;ssl=1 300w, https:\/\/i0.wp.com\/norttipaikalle.fi\/wp-content\/uploads\/2026\/03\/h1rvzgywxjy.jpg?resize=768%2C432&amp;ssl=1 768w, https:\/\/i0.wp.com\/norttipaikalle.fi\/wp-content\/uploads\/2026\/03\/h1rvzgywxjy.jpg?resize=1536%2C864&amp;ssl=1 1536w, https:\/\/i0.wp.com\/norttipaikalle.fi\/wp-content\/uploads\/2026\/03\/h1rvzgywxjy.jpg?resize=18%2C10&amp;ssl=1 18w, https:\/\/i0.wp.com\/norttipaikalle.fi\/wp-content\/uploads\/2026\/03\/h1rvzgywxjy.jpg?resize=400%2C225&amp;ssl=1 400w, https:\/\/i0.wp.com\/norttipaikalle.fi\/wp-content\/uploads\/2026\/03\/h1rvzgywxjy.jpg?w=1600&amp;ssl=1 1600w\" sizes=\"(max-width: 1000px) 100vw, 1000px\" \/><\/figure><div class=\"wp-block-media-text__content\">\n<div class=\"wp-block-group has-global-padding is-layout-constrained wp-block-group-is-layout-constrained\">\n<h2 class=\"wp-block-heading\" style=\"padding-top:0\">Kuinka se toimii<\/h2>\n\n\n\n<p>Your chatbot lives on your website, answers questions in natural language.  When the visitor is ready, it gathers their contact details and emails you the full conversation.<\/p>\n<\/div>\n<\/div><\/div>\n\n\n\n<div class=\"wp-block-group has-global-padding is-layout-constrained wp-block-group-is-layout-constrained\">\n<h2 class=\"wp-block-heading\">Mit\u00e4 saat<\/h2>\n\n\n\n<ul class=\"wp-block-list list--green-tick\">\n<li>R\u00e4\u00e4t\u00e4l\u00f6ity, monikielinen chatbot, joka on koulutettu verkkosivustosi omalla sis\u00e4ll\u00f6ll\u00e4<\/li>\n\n\n\n<li>Sis\u00e4\u00e4nrakennettu liidien seulonta \u2013 saat yhteydenottoja vain niilt\u00e4, jotka ovat valmiita keskustelemaan<\/li>\n\n\n\n<li>Toimitetaan WordPress-laajennuksena, jonka olen itse asentanut ja testannut<\/li>\n\n\n\n<li>Elinik\u00e4inen yksitt\u00e4isk\u00e4ytt\u00f6oikeus<\/li>\n\n\n\n<li>Ilmaisia p\u00e4ivityksi\u00e4 12 kuukauden ajan<\/li>\n\n\n\n<li>Mukana 30 minuuttia asiakastukea (arvo 36 \u20ac).<\/li>\n<\/ul>\n\n\n\n<h2 class=\"wp-block-heading\">Hinnoittelu<\/h2>\n\n\n\n<p><strong>Kertamaksu 225 \u20ac + alv<\/strong>&nbsp;tai jaa se 12 kuukauden maksueriin hintaan 18,75 \u20ac\/kk + alv \u2013 sama kokonaissumma, ilman korkoa.<\/p>\n\n\n\n<p><strong>K\u00e4ytt\u00f6kustannukset:<\/strong>&nbsp;Hinta on yleens\u00e4 2\u20135 euroa kuukaudessa liikennem\u00e4\u00e4r\u00e4st\u00e4 riippuen. Maksat suoraan Anthropicille \u2013 en lis\u00e4\u00e4 siihen omaa voittoani.<\/p>\n\n\n\n<p><strong>Lis\u00e4tuki<\/strong> saatavilla 15 minuutin jaksoissa N\u00f6rtti paikalle -vakiotariffilla, jos tarvitset sit\u00e4 my\u00f6hemmin.<\/p>\n<\/div>\n\n\n\n<div class=\"wp-block-group has-global-padding is-layout-constrained wp-block-group-is-layout-constrained\">\n<h2 class=\"wp-block-heading\">Kokeile heti<\/h2>\n\n\n\n<p><strong>Sampo<\/strong>, t\u00e4ll\u00e4 sivulla n\u00e4kyv\u00e4 chatbot, on hyv\u00e4 esimerkki t\u00e4st\u00e4. Kysy silt\u00e4 N\u00f6rtti paikalle -yrityksen konsultointipalveluista ja koe itse, millaisen kokemuksen sivustosi k\u00e4vij\u00e4t saisivat<\/p>\n<\/div>\n\n\n\n<div class=\"wp-block-group has-global-padding is-layout-constrained wp-block-group-is-layout-constrained\">\n<h2 class=\"wp-block-heading\">Oletko valmis?<\/h2>\n\n\n\n<p>Toimitus tapahtuu yleens\u00e4 kahden viikon kuluessa tilauksen vahvistamisesta. Otan vastaan rajoitetun m\u00e4\u00e4r\u00e4n tilaust\u00f6it\u00e4 kuukaudessa.<\/p>\n\n\n\n<div class=\"wp-block-buttons is-layout-flex wp-block-buttons-is-layout-flex\">\n<div class=\"wp-block-button\"><a class=\"wp-block-button__link wp-element-button\" href=\"https:\/\/cal.eu\/norttipaikalle\/15-min-call\" target=\"_blank\" rel=\"noreferrer noopener\">Varaa 15 minuutin puhelu<\/a><\/div>\n<\/div>\n<\/div>\n\n\n\n<div class=\"wp-block-group has-global-padding is-layout-constrained wp-block-group-is-layout-constrained\">\n<h2 class=\"wp-block-heading\">Tuki<\/h2>\n\n\n\n<div class=\"wp-block-group is-nowrap is-layout-flex wp-container-core-group-is-layout-fc054d2d wp-block-group-is-layout-flex\">\n<a href = \"mailto:tukiATnorttipaikalleDOTfi?subject=Chatbot%20support%20question\"\n    onclick = \"this.href=this.href        .replace(\/AT\/,'@')        .replace(\/DOT\/,'.')\">\n    <my-email data-user=\"tuki\" data-domain=\"norttipaikalle.fi\"><\/my-email>\n<\/a>\n\n\n\n<p id=\"documentation\" style=\"border-left-color:var(--wp--preset--color--accent-4);border-left-width:1px;padding-left:var(--wp--preset--spacing--30)\"><a href=\"https:\/\/norttipaikalle.notion.site\/NP-Chat-v4-User-Guide-323a0509287981b8b458db6139b36215?source=copy_link\" target=\"_blank\" rel=\"noreferrer noopener\">Dokumentaatio<\/a><\/p>\n<\/div>\n<\/div>\n<\/div>\n\n\n\n<h2 class=\"wp-block-heading\">Relavent blog posts<\/h2>\n\n\n\n<div class=\"wp-block-query is-layout-flow wp-block-query-is-layout-flow\"><ul class=\"columns-3 wp-block-post-template is-layout-grid wp-container-core-post-template-is-layout-6d3fbd8f wp-block-post-template-is-layout-grid\"><li class=\"wp-block-post post-8597 post type-post status-publish format-standard has-post-thumbnail hentry category-blog category-business category-tips-and-tricks tag-ai\">\n<figure class=\"wp-block-post-featured-image\"><img data-recalc-dims=\"1\" decoding=\"async\" width=\"1380\" height=\"776\" src=\"https:\/\/i0.wp.com\/norttipaikalle.fi\/wp-content\/uploads\/2026\/03\/bot.jpg?resize=1380%2C776&#038;ssl=1\" class=\"attachment-post-thumbnail size-post-thumbnail wp-post-image\" alt=\"Vibe coding, ChatBot, AI\" style=\"object-fit:cover;\" srcset=\"https:\/\/i0.wp.com\/norttipaikalle.fi\/wp-content\/uploads\/2026\/03\/bot.jpg?w=1380&amp;ssl=1 1380w, https:\/\/i0.wp.com\/norttipaikalle.fi\/wp-content\/uploads\/2026\/03\/bot.jpg?resize=300%2C169&amp;ssl=1 300w, https:\/\/i0.wp.com\/norttipaikalle.fi\/wp-content\/uploads\/2026\/03\/bot.jpg?resize=1024%2C576&amp;ssl=1 1024w, https:\/\/i0.wp.com\/norttipaikalle.fi\/wp-content\/uploads\/2026\/03\/bot.jpg?resize=768%2C432&amp;ssl=1 768w, https:\/\/i0.wp.com\/norttipaikalle.fi\/wp-content\/uploads\/2026\/03\/bot.jpg?resize=18%2C10&amp;ssl=1 18w, https:\/\/i0.wp.com\/norttipaikalle.fi\/wp-content\/uploads\/2026\/03\/bot.jpg?resize=400%2C225&amp;ssl=1 400w\" sizes=\"(max-width: 1000px) 100vw, 1000px\" \/><\/figure>\n\n<div class=\"wp-block-post-date\"><time datetime=\"2026-03-25T09:25:12+02:00\">2026-03-25<\/time><\/div>\n\n<h2 class=\"wp-block-post-title has-medium-font-size\">Vibe coding &#8211; What I&#8217;ve learned<\/h2>\n<\/li><\/ul>\n\n\n\n<\/div>","protected":false},"excerpt":{"rendered":"<p>Turn website visitors into qualified leads automatically An AI assistant trained on your business, built for therapists, consultants, small service companies, and anyone else who does\u2019t want to babysit an inbox. Key features A bespoke AI powered assistant which is trained on your own website&#8217;s data. Perfect for helping casual visitors become customers. Answers questions [&hellip;]<\/p>\n","protected":false},"author":1,"featured_media":8351,"parent":8466,"menu_order":0,"comment_status":"closed","ping_status":"closed","template":"","meta":{"footnotes":""},"class_list":["post-8336","page","type-page","status-publish","has-post-thumbnail","hentry"],"yoast_head":"<!-- This site is optimized with the Yoast SEO plugin v27.5 - https:\/\/yoast.com\/product\/yoast-seo-wordpress\/ -->\n<title>AI powered Chat-bot &#8211; N\u00f6rtti paikalle<\/title>\n<meta name=\"description\" content=\"N\u00f6rtti paikalle - Handling your IT, so you don&#039;t have to. \ud83d\ude80\" \/>\n<meta name=\"robots\" content=\"index, follow, max-snippet:-1, max-image-preview:large, max-video-preview:-1\" \/>\n<link rel=\"canonical\" href=\"https:\/\/norttipaikalle.fi\/fi\/saas\/ai-powered-chat-bot\/\" \/>\n<meta property=\"og:locale\" content=\"fi_FI\" \/>\n<meta property=\"og:type\" content=\"article\" \/>\n<meta property=\"og:title\" content=\"AI powered Chat-bot &#8211; N\u00f6rtti paikalle\" \/>\n<meta property=\"og:description\" content=\"N\u00f6rtti paikalle - Handling your IT, so you don&#039;t have to. \ud83d\ude80\" \/>\n<meta property=\"og:url\" content=\"https:\/\/norttipaikalle.fi\/fi\/saas\/ai-powered-chat-bot\/\" \/>\n<meta property=\"og:site_name\" content=\"N\u00f6rtti paikalle\" \/>\n<meta property=\"article:publisher\" content=\"https:\/\/www.facebook.com\/norttipaikalle.fi\" \/>\n<meta property=\"article:modified_time\" content=\"2026-04-17T07:06:22+00:00\" \/>\n<meta property=\"og:image\" content=\"https:\/\/norttipaikalle.fi\/wp-content\/uploads\/2026\/03\/bot.jpg\" \/>\n\t<meta property=\"og:image:width\" content=\"1380\" \/>\n\t<meta property=\"og:image:height\" content=\"776\" \/>\n\t<meta property=\"og:image:type\" content=\"image\/jpeg\" \/>\n<meta name=\"twitter:card\" content=\"summary_large_image\" \/>\n<meta name=\"twitter:label1\" content=\"Arvioitu lukuaika\" \/>\n\t<meta name=\"twitter:data1\" content=\"3 minuuttia\" \/>\n<script type=\"application\/ld+json\" class=\"yoast-schema-graph\">{\"@context\":\"https:\\\/\\\/schema.org\",\"@graph\":[{\"@type\":\"WebPage\",\"@id\":\"https:\\\/\\\/norttipaikalle.fi\\\/saas\\\/ai-powered-chat-bot\\\/\",\"url\":\"https:\\\/\\\/norttipaikalle.fi\\\/saas\\\/ai-powered-chat-bot\\\/\",\"name\":\"AI powered Chat-bot &#8211; N\u00f6rtti paikalle\",\"isPartOf\":{\"@id\":\"https:\\\/\\\/norttipaikalle.fi\\\/#website\"},\"primaryImageOfPage\":{\"@id\":\"https:\\\/\\\/norttipaikalle.fi\\\/saas\\\/ai-powered-chat-bot\\\/#primaryimage\"},\"image\":{\"@id\":\"https:\\\/\\\/norttipaikalle.fi\\\/saas\\\/ai-powered-chat-bot\\\/#primaryimage\"},\"thumbnailUrl\":\"https:\\\/\\\/i0.wp.com\\\/norttipaikalle.fi\\\/wp-content\\\/uploads\\\/2026\\\/03\\\/bot.jpg?fit=1380%2C776&ssl=1\",\"datePublished\":\"2026-03-13T12:37:50+00:00\",\"dateModified\":\"2026-04-17T07:06:22+00:00\",\"description\":\"N\u00f6rtti paikalle - Handling your IT, so you don't have to. \ud83d\ude80\",\"breadcrumb\":{\"@id\":\"https:\\\/\\\/norttipaikalle.fi\\\/saas\\\/ai-powered-chat-bot\\\/#breadcrumb\"},\"inLanguage\":\"fi\",\"potentialAction\":[{\"@type\":\"ReadAction\",\"target\":[\"https:\\\/\\\/norttipaikalle.fi\\\/saas\\\/ai-powered-chat-bot\\\/\"]}]},{\"@type\":\"ImageObject\",\"inLanguage\":\"fi\",\"@id\":\"https:\\\/\\\/norttipaikalle.fi\\\/saas\\\/ai-powered-chat-bot\\\/#primaryimage\",\"url\":\"https:\\\/\\\/i0.wp.com\\\/norttipaikalle.fi\\\/wp-content\\\/uploads\\\/2026\\\/03\\\/bot.jpg?fit=1380%2C776&ssl=1\",\"contentUrl\":\"https:\\\/\\\/i0.wp.com\\\/norttipaikalle.fi\\\/wp-content\\\/uploads\\\/2026\\\/03\\\/bot.jpg?fit=1380%2C776&ssl=1\",\"width\":1380,\"height\":776,\"caption\":\"Vibe coding, ChatBot, AI\"},{\"@type\":\"BreadcrumbList\",\"@id\":\"https:\\\/\\\/norttipaikalle.fi\\\/saas\\\/ai-powered-chat-bot\\\/#breadcrumb\",\"itemListElement\":[{\"@type\":\"ListItem\",\"position\":1,\"name\":\"Home\",\"item\":\"https:\\\/\\\/norttipaikalle.fi\\\/\"},{\"@type\":\"ListItem\",\"position\":2,\"name\":\"SaaS\",\"item\":\"https:\\\/\\\/norttipaikalle.fi\\\/saas\\\/\"},{\"@type\":\"ListItem\",\"position\":3,\"name\":\"AI powered Chat-bot\"}]},{\"@type\":\"WebSite\",\"@id\":\"https:\\\/\\\/norttipaikalle.fi\\\/#website\",\"url\":\"https:\\\/\\\/norttipaikalle.fi\\\/\",\"name\":\"N\u00f6rtti paikalle\",\"description\":\"Making IT easy\",\"publisher\":{\"@id\":\"https:\\\/\\\/norttipaikalle.fi\\\/#organization\"},\"potentialAction\":[{\"@type\":\"SearchAction\",\"target\":{\"@type\":\"EntryPoint\",\"urlTemplate\":\"https:\\\/\\\/norttipaikalle.fi\\\/?s={search_term_string}\"},\"query-input\":{\"@type\":\"PropertyValueSpecification\",\"valueRequired\":true,\"valueName\":\"search_term_string\"}}],\"inLanguage\":\"fi\"},{\"@type\":\"Organization\",\"@id\":\"https:\\\/\\\/norttipaikalle.fi\\\/#organization\",\"name\":\"N\u00f6rtti paikalle\",\"url\":\"https:\\\/\\\/norttipaikalle.fi\\\/\",\"logo\":{\"@type\":\"ImageObject\",\"inLanguage\":\"fi\",\"@id\":\"https:\\\/\\\/norttipaikalle.fi\\\/#\\\/schema\\\/logo\\\/image\\\/\",\"url\":\"https:\\\/\\\/norttipaikalle.fi\\\/wp-content\\\/uploads\\\/2022\\\/03\\\/cropped-nerd-1.png\",\"contentUrl\":\"https:\\\/\\\/norttipaikalle.fi\\\/wp-content\\\/uploads\\\/2022\\\/03\\\/cropped-nerd-1.png\",\"width\":512,\"height\":512,\"caption\":\"N\u00f6rtti paikalle\"},\"image\":{\"@id\":\"https:\\\/\\\/norttipaikalle.fi\\\/#\\\/schema\\\/logo\\\/image\\\/\"},\"sameAs\":[\"https:\\\/\\\/www.facebook.com\\\/norttipaikalle.fi\",\"https:\\\/\\\/www.instagram.com\\\/norttipaikalle\",\"http:\\\/\\\/www.linkedin.com\\\/in\\\/alexjmetcalfe\"]}]}<\/script>\n<!-- \/ Yoast SEO plugin. -->","yoast_head_json":{"title":"AI powered Chat-bot &#8211; N\u00f6rtti paikalle","description":"N\u00f6rtti paikalle - Handling your IT, so you don't have to. \ud83d\ude80","robots":{"index":"index","follow":"follow","max-snippet":"max-snippet:-1","max-image-preview":"max-image-preview:large","max-video-preview":"max-video-preview:-1"},"canonical":"https:\/\/norttipaikalle.fi\/fi\/saas\/ai-powered-chat-bot\/","og_locale":"fi_FI","og_type":"article","og_title":"AI powered Chat-bot &#8211; N\u00f6rtti paikalle","og_description":"N\u00f6rtti paikalle - Handling your IT, so you don't have to. \ud83d\ude80","og_url":"https:\/\/norttipaikalle.fi\/fi\/saas\/ai-powered-chat-bot\/","og_site_name":"N\u00f6rtti paikalle","article_publisher":"https:\/\/www.facebook.com\/norttipaikalle.fi","article_modified_time":"2026-04-17T07:06:22+00:00","og_image":[{"width":1380,"height":776,"url":"https:\/\/norttipaikalle.fi\/wp-content\/uploads\/2026\/03\/bot.jpg","type":"image\/jpeg"}],"twitter_card":"summary_large_image","twitter_misc":{"Arvioitu lukuaika":"3 minuuttia"},"schema":{"@context":"https:\/\/schema.org","@graph":[{"@type":"WebPage","@id":"https:\/\/norttipaikalle.fi\/saas\/ai-powered-chat-bot\/","url":"https:\/\/norttipaikalle.fi\/saas\/ai-powered-chat-bot\/","name":"AI powered Chat-bot &#8211; N\u00f6rtti paikalle","isPartOf":{"@id":"https:\/\/norttipaikalle.fi\/#website"},"primaryImageOfPage":{"@id":"https:\/\/norttipaikalle.fi\/saas\/ai-powered-chat-bot\/#primaryimage"},"image":{"@id":"https:\/\/norttipaikalle.fi\/saas\/ai-powered-chat-bot\/#primaryimage"},"thumbnailUrl":"https:\/\/i0.wp.com\/norttipaikalle.fi\/wp-content\/uploads\/2026\/03\/bot.jpg?fit=1380%2C776&ssl=1","datePublished":"2026-03-13T12:37:50+00:00","dateModified":"2026-04-17T07:06:22+00:00","description":"N\u00f6rtti paikalle - Handling your IT, so you don't have to. \ud83d\ude80","breadcrumb":{"@id":"https:\/\/norttipaikalle.fi\/saas\/ai-powered-chat-bot\/#breadcrumb"},"inLanguage":"fi","potentialAction":[{"@type":"ReadAction","target":["https:\/\/norttipaikalle.fi\/saas\/ai-powered-chat-bot\/"]}]},{"@type":"ImageObject","inLanguage":"fi","@id":"https:\/\/norttipaikalle.fi\/saas\/ai-powered-chat-bot\/#primaryimage","url":"https:\/\/i0.wp.com\/norttipaikalle.fi\/wp-content\/uploads\/2026\/03\/bot.jpg?fit=1380%2C776&ssl=1","contentUrl":"https:\/\/i0.wp.com\/norttipaikalle.fi\/wp-content\/uploads\/2026\/03\/bot.jpg?fit=1380%2C776&ssl=1","width":1380,"height":776,"caption":"Vibe coding, ChatBot, AI"},{"@type":"BreadcrumbList","@id":"https:\/\/norttipaikalle.fi\/saas\/ai-powered-chat-bot\/#breadcrumb","itemListElement":[{"@type":"ListItem","position":1,"name":"Home","item":"https:\/\/norttipaikalle.fi\/"},{"@type":"ListItem","position":2,"name":"SaaS","item":"https:\/\/norttipaikalle.fi\/saas\/"},{"@type":"ListItem","position":3,"name":"AI powered Chat-bot"}]},{"@type":"WebSite","@id":"https:\/\/norttipaikalle.fi\/#website","url":"https:\/\/norttipaikalle.fi\/","name":"N\u00f6rtti paikalle","description":"Making IT easy","publisher":{"@id":"https:\/\/norttipaikalle.fi\/#organization"},"potentialAction":[{"@type":"SearchAction","target":{"@type":"EntryPoint","urlTemplate":"https:\/\/norttipaikalle.fi\/?s={search_term_string}"},"query-input":{"@type":"PropertyValueSpecification","valueRequired":true,"valueName":"search_term_string"}}],"inLanguage":"fi"},{"@type":"Organization","@id":"https:\/\/norttipaikalle.fi\/#organization","name":"N\u00f6rtti paikalle","url":"https:\/\/norttipaikalle.fi\/","logo":{"@type":"ImageObject","inLanguage":"fi","@id":"https:\/\/norttipaikalle.fi\/#\/schema\/logo\/image\/","url":"https:\/\/norttipaikalle.fi\/wp-content\/uploads\/2022\/03\/cropped-nerd-1.png","contentUrl":"https:\/\/norttipaikalle.fi\/wp-content\/uploads\/2022\/03\/cropped-nerd-1.png","width":512,"height":512,"caption":"N\u00f6rtti paikalle"},"image":{"@id":"https:\/\/norttipaikalle.fi\/#\/schema\/logo\/image\/"},"sameAs":["https:\/\/www.facebook.com\/norttipaikalle.fi","https:\/\/www.instagram.com\/norttipaikalle","http:\/\/www.linkedin.com\/in\/alexjmetcalfe"]}]}},"jetpack-related-posts":[{"id":8473,"url":"https:\/\/norttipaikalle.fi\/fi\/saas\/cardscan-stay-connected\/","url_meta":{"origin":8336,"position":0},"title":"CardScan &#8211; Stay connected","author":"Alex","date":"2026-03-20","format":false,"excerpt":"Accelerate your sales pipeline. CardScan.online sends contact information directly to your sales team, and connects you directly to your contact. Instantly.","rel":"","context":"Samankaltainen artikkeli","block_context":{"text":"Samankaltainen artikkeli","link":""},"img":{"alt_text":"Bearded man using smartphone and credit card for online shopping while sitting indoors.","src":"https:\/\/i0.wp.com\/norttipaikalle.fi\/wp-content\/uploads\/2026\/03\/7620913-e1774047052878.jpeg?fit=800%2C488&ssl=1&resize=350%2C200","width":350,"height":200,"srcset":"https:\/\/i0.wp.com\/norttipaikalle.fi\/wp-content\/uploads\/2026\/03\/7620913-e1774047052878.jpeg?fit=800%2C488&ssl=1&resize=350%2C200 1x, https:\/\/i0.wp.com\/norttipaikalle.fi\/wp-content\/uploads\/2026\/03\/7620913-e1774047052878.jpeg?fit=800%2C488&ssl=1&resize=525%2C300 1.5x, https:\/\/i0.wp.com\/norttipaikalle.fi\/wp-content\/uploads\/2026\/03\/7620913-e1774047052878.jpeg?fit=800%2C488&ssl=1&resize=700%2C400 2x"},"classes":[]},{"id":3,"url":"https:\/\/norttipaikalle.fi\/fi\/nortti-paikalle-it-tuki\/privacy-policy\/","url_meta":{"origin":8336,"position":1},"title":"Tietosuojak\u00e4yt\u00e4nt\u00f6","author":"Alex","date":"2022-02-11","format":false,"excerpt":"Who we are Our website address is: https:\/\/n\u00f6rttipaikalle.fi Comments When visitors leave comments on the site we collect the data shown in the comments form, and also the visitor\u2019s IP address and browser user agent string to help spam detection. An anonymized string created from your email address (also called\u2026","rel":"","context":"Samankaltainen artikkeli","block_context":{"text":"Samankaltainen artikkeli","link":""},"img":{"alt_text":"grayscale photo of woman doing silent hand sign","src":"https:\/\/i0.wp.com\/norttipaikalle.fi\/wp-content\/uploads\/2026\/03\/bcjdbykwquw.jpg?fit=1200%2C768&ssl=1&resize=350%2C200","width":350,"height":200,"srcset":"https:\/\/i0.wp.com\/norttipaikalle.fi\/wp-content\/uploads\/2026\/03\/bcjdbykwquw.jpg?fit=1200%2C768&ssl=1&resize=350%2C200 1x, https:\/\/i0.wp.com\/norttipaikalle.fi\/wp-content\/uploads\/2026\/03\/bcjdbykwquw.jpg?fit=1200%2C768&ssl=1&resize=525%2C300 1.5x, https:\/\/i0.wp.com\/norttipaikalle.fi\/wp-content\/uploads\/2026\/03\/bcjdbykwquw.jpg?fit=1200%2C768&ssl=1&resize=700%2C400 2x, https:\/\/i0.wp.com\/norttipaikalle.fi\/wp-content\/uploads\/2026\/03\/bcjdbykwquw.jpg?fit=1200%2C768&ssl=1&resize=1050%2C600 3x"},"classes":[]}],"jetpack_sharing_enabled":true,"jetpack_likes_enabled":true,"_links":{"self":[{"href":"https:\/\/norttipaikalle.fi\/fi\/wp-json\/wp\/v2\/pages\/8336","targetHints":{"allow":["GET"]}}],"collection":[{"href":"https:\/\/norttipaikalle.fi\/fi\/wp-json\/wp\/v2\/pages"}],"about":[{"href":"https:\/\/norttipaikalle.fi\/fi\/wp-json\/wp\/v2\/types\/page"}],"author":[{"embeddable":true,"href":"https:\/\/norttipaikalle.fi\/fi\/wp-json\/wp\/v2\/users\/1"}],"replies":[{"embeddable":true,"href":"https:\/\/norttipaikalle.fi\/fi\/wp-json\/wp\/v2\/comments?post=8336"}],"version-history":[{"count":74,"href":"https:\/\/norttipaikalle.fi\/fi\/wp-json\/wp\/v2\/pages\/8336\/revisions"}],"predecessor-version":[{"id":8714,"href":"https:\/\/norttipaikalle.fi\/fi\/wp-json\/wp\/v2\/pages\/8336\/revisions\/8714"}],"up":[{"embeddable":true,"href":"https:\/\/norttipaikalle.fi\/fi\/wp-json\/wp\/v2\/pages\/8466"}],"wp:featuredmedia":[{"embeddable":true,"href":"https:\/\/norttipaikalle.fi\/fi\/wp-json\/wp\/v2\/media\/8351"}],"wp:attachment":[{"href":"https:\/\/norttipaikalle.fi\/fi\/wp-json\/wp\/v2\/media?parent=8336"}],"curies":[{"name":"wp","href":"https:\/\/api.w.org\/{rel}","templated":true}]}}