{"id":7665,"date":"2025-09-04T08:34:51","date_gmt":"2025-09-04T05:34:51","guid":{"rendered":"https:\/\/norttipaikalle.fi\/?post_type=product&#038;p=7665"},"modified":"2026-03-14T20:03:57","modified_gmt":"2026-03-14T18:03:57","slug":"7-hours-technical-support","status":"publish","type":"product","link":"https:\/\/norttipaikalle.fi\/fi\/tuote\/7-hours-technical-support\/","title":{"rendered":"Technical support &#8211; 5 hour bundle"},"content":{"rendered":"<p><b>Pre-Pay for Your IT Support<\/b><\/p>\n<p class=\"p3\">Save over 7,5% when you pre-purchase 5 hours of IT support.<\/p>\n<p>Use these hours as you like, for example:<\/p>\n<ul>\n<li>Set up a small website<\/li>\n<li>Integrate your payment provider with your mailing list<\/li>\n<li>Consultation and mentoring<\/li>\n<li>Hardware fixes<\/li>\n<li>Printer installation<\/li>\n<li>Ad-hoc \u201cCan you quickly help with this ..\u201d<\/li>\n<li>.. something else?<\/li>\n<\/ul>\n\n<div data-mode=\"normal\" data-oembed=\"1\" data-provider=\"vimeo\" id=\"arve-vimeo-917598889\" style=\"max-width:400px;\" class=\"arve aligncenter\">\n\t<div class=\"arve-inner\">\n\t\t<div style=\"aspect-ratio:1\/1\" class=\"arve-embed arve-embed--has-aspect-ratio\">\n\t\t\t<div class=\"arve-ar\" style=\"padding-top:100.000000%\"><\/div>\n\t\t\t<iframe allow=\"accelerometer &apos;none&apos;;autoplay &apos;none&apos;;bluetooth &apos;none&apos;;browsing-topics &apos;none&apos;;camera &apos;none&apos;;clipboard-read &apos;none&apos;;clipboard-write;display-capture &apos;none&apos;;encrypted-media &apos;none&apos;;gamepad &apos;none&apos;;geolocation &apos;none&apos;;gyroscope &apos;none&apos;;hid &apos;none&apos;;identity-credentials-get &apos;none&apos;;idle-detection &apos;none&apos;;keyboard-map &apos;none&apos;;local-fonts;magnetometer &apos;none&apos;;microphone &apos;none&apos;;midi &apos;none&apos;;otp-credentials &apos;none&apos;;payment &apos;none&apos;;picture-in-picture;publickey-credentials-create &apos;none&apos;;publickey-credentials-get &apos;none&apos;;screen-wake-lock &apos;none&apos;;serial &apos;none&apos;;summarizer &apos;none&apos;;sync-xhr;usb &apos;none&apos;;web-share;window-management &apos;none&apos;;xr-spatial-tracking &apos;none&apos;;\" allowfullscreen=\"\" class=\"arve-iframe fitvidsignore\" credentialless data-arve=\"arve-vimeo-917598889\" data-lenis-prevent=\"\" data-src-no-ap=\"https:\/\/player.vimeo.com\/video\/917598889?dnt=1&amp;app_id=122963&amp;transparent=0&amp;title=1&amp;byline=0&amp;portrait=0&amp;autoplay=0\" frameborder=\"0\" height=\"400\" loading=\"lazy\" name=\"\" referrerpolicy=\"strict-origin-when-cross-origin\" sandbox=\"allow-scripts allow-same-origin allow-presentation allow-popups allow-popups-to-escape-sandbox allow-forms\" scrolling=\"no\" src=\"https:\/\/player.vimeo.com\/video\/917598889?dnt=1&#038;app_id=122963&#038;transparent=0&#038;title=1&#038;byline=0&#038;portrait=0&#038;autoplay=0\" title=\"\" width=\"400\"><\/iframe>\n\t\t\t\n\t\t<\/div>\n\t\t\n\t<\/div>\n\t\n\t\n\t<script type=\"application\/ld+json\">{\"@context\":\"http:\\\/\\\/schema.org\\\/\",\"@id\":\"https:\\\/\\\/norttipaikalle.fi\\\/fi\\\/tuote\\\/7-hours-technical-support\\\/#arve-vimeo-917598889\",\"type\":\"VideoObject\",\"embedURL\":\"https:\\\/\\\/player.vimeo.com\\\/video\\\/917598889?dnt=1&app_id=122963&transparent=0&title=1&byline=0&portrait=0&autoplay=0\"}<\/script>\n\t\n<\/div>\n<p class=\"p4\"><b>Before purchasing, <a href=\"https:\/\/norttipaikalle.fi\/get-in-touch\/\">let&#8217;s take a call<\/a> to make sure we are good match!<\/b><\/p>\n<hr \/>\n<p><b>Terms &amp; Conditions (summary)<\/b><\/p>\n<ul>\n<li class=\"p1\">Hours must be used within 6 months, and unused hours are non-refundable.<\/li>\n<li>\n<p class=\"p1\">New customers will sign a Service Agreement and NDA before work begins.<\/p>\n<\/li>\n<li>\n<p class=\"p1\">Pre-payment does not guarantee availability at specific times; work is scheduled by agreement.<\/p>\n<\/li>\n<li>\n<p class=\"p1\">Payment in full is required before support is delivered.<\/p>\n<\/li>\n<\/ul>\n<p>\ud83d\udd17 <a href=\"https:\/\/norttipaikalle.fi\/nortti-paikalle-it-tuki\/terms-and-conditions-for-nortti-paikalle\/\" target=\"_blank\" rel=\"noopener\">Full Terms and Conditions<\/a><\/p>\n<hr \/>\n<p class=\"p3\"><i>By purchasing this package, you agree to the terms and conditions above.<\/i><\/p>\n<p class=\"p1\"><i>Disclaimer: This product is offered subject to N\u00f6rtti paikalle\u2019s standard terms of business. Purchase does not create any obligation for N\u00f6rtti paikalle to provide services beyond its stated expertise or outside agreed availability. \u00a0Nothing in these terms limits N\u00f6rtti paikalle\u2019s liability beyond what is required by applicable law.<\/i><\/p>","protected":false},"excerpt":{"rendered":"<p>Pre-pay for your IT Support, and save at least 7,5% over standard rate. \u00a0Terms and conditions apply<\/p>","protected":false},"featured_media":1312,"comment_status":"closed","ping_status":"closed","template":"","meta":{"jetpack_publicize_message":"","jetpack_publicize_feature_enabled":true,"jetpack_social_post_already_shared":true,"jetpack_social_options":{"image_generator_settings":{"template":"highway","default_image_id":0,"font":"","enabled":false},"version":2},"_wpas_customize_per_network":false},"product_brand":[],"product_cat":[208],"product_tag":[],"class_list":{"0":"post-7665","1":"product","2":"type-product","3":"status-publish","4":"has-post-thumbnail","6":"product_cat-technical-support","8":"first","9":"instock","10":"sale","11":"virtual","12":"sold-individually","13":"taxable","14":"purchasable","15":"product-type-simple"},"yoast_head":"<!-- This site is optimized with the Yoast SEO plugin v27.4 - https:\/\/yoast.com\/product\/yoast-seo-wordpress\/ -->\n<title>Technical support - 5 hour bundle &#8211; N\u00f6rtti paikalle<\/title>\n<meta name=\"robots\" content=\"index, follow, max-snippet:-1, max-image-preview:large, max-video-preview:-1\" \/>\n<link rel=\"canonical\" href=\"https:\/\/norttipaikalle.fi\/fi\/tuote\/7-hours-technical-support\/\" \/>\n<meta property=\"og:locale\" content=\"fi_FI\" \/>\n<meta property=\"og:type\" content=\"article\" \/>\n<meta property=\"og:title\" content=\"Technical support - 5 hour bundle &#8211; N\u00f6rtti paikalle\" \/>\n<meta property=\"og:description\" content=\"Pre-pay for your IT Support, and save at least 7,5% over standard rate. \u00a0Terms and conditions apply\" \/>\n<meta property=\"og:url\" content=\"https:\/\/norttipaikalle.fi\/fi\/tuote\/7-hours-technical-support\/\" \/>\n<meta property=\"og:site_name\" content=\"N\u00f6rtti paikalle\" \/>\n<meta property=\"article:publisher\" content=\"https:\/\/www.facebook.com\/norttipaikalle.fi\" \/>\n<meta property=\"article:modified_time\" content=\"2026-03-14T18:03:57+00:00\" \/>\n<meta property=\"og:image\" content=\"https:\/\/i0.wp.com\/norttipaikalle.fi\/wp-content\/uploads\/2022\/10\/pexels-photo-6325984-edited.jpeg?fit=1251%2C1253&ssl=1\" \/>\n\t<meta property=\"og:image:width\" content=\"1251\" \/>\n\t<meta property=\"og:image:height\" content=\"1253\" \/>\n\t<meta property=\"og:image:type\" content=\"image\/jpeg\" \/>\n<meta name=\"twitter:card\" content=\"summary_large_image\" \/>\n<meta name=\"twitter:label1\" content=\"Arvioitu lukuaika\" \/>\n\t<meta name=\"twitter:data1\" content=\"2 minuuttia\" \/>\n<script type=\"application\/ld+json\" class=\"yoast-schema-graph\">{\"@context\":\"https:\\\/\\\/schema.org\",\"@graph\":[{\"@type\":\"WebPage\",\"@id\":\"https:\\\/\\\/norttipaikalle.fi\\\/en_gb\\\/product\\\/7-hours-technical-support\\\/\",\"url\":\"https:\\\/\\\/norttipaikalle.fi\\\/en_gb\\\/product\\\/7-hours-technical-support\\\/\",\"name\":\"Technical support - 5 hour bundle &#8211; N\u00f6rtti paikalle\",\"isPartOf\":{\"@id\":\"https:\\\/\\\/norttipaikalle.fi\\\/en_gb\\\/#website\"},\"primaryImageOfPage\":{\"@id\":\"https:\\\/\\\/norttipaikalle.fi\\\/en_gb\\\/product\\\/7-hours-technical-support\\\/#primaryimage\"},\"image\":{\"@id\":\"https:\\\/\\\/norttipaikalle.fi\\\/en_gb\\\/product\\\/7-hours-technical-support\\\/#primaryimage\"},\"thumbnailUrl\":\"https:\\\/\\\/i0.wp.com\\\/norttipaikalle.fi\\\/wp-content\\\/uploads\\\/2022\\\/10\\\/pexels-photo-6325984-edited.jpeg?fit=1251%2C1253&ssl=1\",\"datePublished\":\"2025-09-04T05:34:51+00:00\",\"dateModified\":\"2026-03-14T18:03:57+00:00\",\"breadcrumb\":{\"@id\":\"https:\\\/\\\/norttipaikalle.fi\\\/en_gb\\\/product\\\/7-hours-technical-support\\\/#breadcrumb\"},\"inLanguage\":\"fi\",\"potentialAction\":[{\"@type\":\"ReadAction\",\"target\":[\"https:\\\/\\\/norttipaikalle.fi\\\/en_gb\\\/product\\\/7-hours-technical-support\\\/\"]}]},{\"@type\":\"ImageObject\",\"inLanguage\":\"fi\",\"@id\":\"https:\\\/\\\/norttipaikalle.fi\\\/en_gb\\\/product\\\/7-hours-technical-support\\\/#primaryimage\",\"url\":\"https:\\\/\\\/i0.wp.com\\\/norttipaikalle.fi\\\/wp-content\\\/uploads\\\/2022\\\/10\\\/pexels-photo-6325984-edited.jpeg?fit=1251%2C1253&ssl=1\",\"contentUrl\":\"https:\\\/\\\/i0.wp.com\\\/norttipaikalle.fi\\\/wp-content\\\/uploads\\\/2022\\\/10\\\/pexels-photo-6325984-edited.jpeg?fit=1251%2C1253&ssl=1\",\"width\":1251,\"height\":1253,\"caption\":\"Photo by Vanessa Garcia on Pexels.com\"},{\"@type\":\"BreadcrumbList\",\"@id\":\"https:\\\/\\\/norttipaikalle.fi\\\/en_gb\\\/product\\\/7-hours-technical-support\\\/#breadcrumb\",\"itemListElement\":[{\"@type\":\"ListItem\",\"position\":1,\"name\":\"Home\",\"item\":\"https:\\\/\\\/norttipaikalle.fi\\\/\"},{\"@type\":\"ListItem\",\"position\":2,\"name\":\"Store\",\"item\":\"https:\\\/\\\/norttipaikalle.fi\\\/en_gb\\\/store\\\/\"},{\"@type\":\"ListItem\",\"position\":3,\"name\":\"Technical support &#8211; 5 hour bundle\"}]},{\"@type\":\"WebSite\",\"@id\":\"https:\\\/\\\/norttipaikalle.fi\\\/en_gb\\\/#website\",\"url\":\"https:\\\/\\\/norttipaikalle.fi\\\/en_gb\\\/\",\"name\":\"N\u00f6rtti paikalle\",\"description\":\"Making IT easy \ud83e\udd13\",\"publisher\":{\"@id\":\"https:\\\/\\\/norttipaikalle.fi\\\/en_gb\\\/#organization\"},\"potentialAction\":[{\"@type\":\"SearchAction\",\"target\":{\"@type\":\"EntryPoint\",\"urlTemplate\":\"https:\\\/\\\/norttipaikalle.fi\\\/en_gb\\\/?s={search_term_string}\"},\"query-input\":{\"@type\":\"PropertyValueSpecification\",\"valueRequired\":true,\"valueName\":\"search_term_string\"}}],\"inLanguage\":\"fi\"},{\"@type\":\"Organization\",\"@id\":\"https:\\\/\\\/norttipaikalle.fi\\\/en_gb\\\/#organization\",\"name\":\"N\u00f6rtti paikalle\",\"url\":\"https:\\\/\\\/norttipaikalle.fi\\\/en_gb\\\/\",\"logo\":{\"@type\":\"ImageObject\",\"inLanguage\":\"fi\",\"@id\":\"https:\\\/\\\/norttipaikalle.fi\\\/en_gb\\\/#\\\/schema\\\/logo\\\/image\\\/\",\"url\":\"https:\\\/\\\/norttipaikalle.fi\\\/wp-content\\\/uploads\\\/2022\\\/03\\\/cropped-nerd-1.png\",\"contentUrl\":\"https:\\\/\\\/norttipaikalle.fi\\\/wp-content\\\/uploads\\\/2022\\\/03\\\/cropped-nerd-1.png\",\"width\":512,\"height\":512,\"caption\":\"N\u00f6rtti paikalle\"},\"image\":{\"@id\":\"https:\\\/\\\/norttipaikalle.fi\\\/en_gb\\\/#\\\/schema\\\/logo\\\/image\\\/\"},\"sameAs\":[\"https:\\\/\\\/www.facebook.com\\\/norttipaikalle.fi\",\"https:\\\/\\\/www.instagram.com\\\/norttipaikalle\",\"http:\\\/\\\/www.linkedin.com\\\/in\\\/alexjmetcalfe\"]}]}<\/script>\n<!-- \/ Yoast SEO plugin. -->","yoast_head_json":{"title":"Technical support - 5 hour bundle &#8211; N\u00f6rtti paikalle","robots":{"index":"index","follow":"follow","max-snippet":"max-snippet:-1","max-image-preview":"max-image-preview:large","max-video-preview":"max-video-preview:-1"},"canonical":"https:\/\/norttipaikalle.fi\/fi\/tuote\/7-hours-technical-support\/","og_locale":"fi_FI","og_type":"article","og_title":"Technical support - 5 hour bundle &#8211; N\u00f6rtti paikalle","og_description":"Pre-pay for your IT Support, and save at least 7,5% over standard rate. \u00a0Terms and conditions apply","og_url":"https:\/\/norttipaikalle.fi\/fi\/tuote\/7-hours-technical-support\/","og_site_name":"N\u00f6rtti paikalle","article_publisher":"https:\/\/www.facebook.com\/norttipaikalle.fi","article_modified_time":"2026-03-14T18:03:57+00:00","og_image":[{"width":1251,"height":1253,"url":"https:\/\/i0.wp.com\/norttipaikalle.fi\/wp-content\/uploads\/2022\/10\/pexels-photo-6325984-edited.jpeg?fit=1251%2C1253&ssl=1","type":"image\/jpeg"}],"twitter_card":"summary_large_image","twitter_misc":{"Arvioitu lukuaika":"2 minuuttia"},"schema":{"@context":"https:\/\/schema.org","@graph":[{"@type":"WebPage","@id":"https:\/\/norttipaikalle.fi\/en_gb\/product\/7-hours-technical-support\/","url":"https:\/\/norttipaikalle.fi\/en_gb\/product\/7-hours-technical-support\/","name":"Technical support - 5 hour bundle &#8211; N\u00f6rtti paikalle","isPartOf":{"@id":"https:\/\/norttipaikalle.fi\/en_gb\/#website"},"primaryImageOfPage":{"@id":"https:\/\/norttipaikalle.fi\/en_gb\/product\/7-hours-technical-support\/#primaryimage"},"image":{"@id":"https:\/\/norttipaikalle.fi\/en_gb\/product\/7-hours-technical-support\/#primaryimage"},"thumbnailUrl":"https:\/\/i0.wp.com\/norttipaikalle.fi\/wp-content\/uploads\/2022\/10\/pexels-photo-6325984-edited.jpeg?fit=1251%2C1253&ssl=1","datePublished":"2025-09-04T05:34:51+00:00","dateModified":"2026-03-14T18:03:57+00:00","breadcrumb":{"@id":"https:\/\/norttipaikalle.fi\/en_gb\/product\/7-hours-technical-support\/#breadcrumb"},"inLanguage":"fi","potentialAction":[{"@type":"ReadAction","target":["https:\/\/norttipaikalle.fi\/en_gb\/product\/7-hours-technical-support\/"]}]},{"@type":"ImageObject","inLanguage":"fi","@id":"https:\/\/norttipaikalle.fi\/en_gb\/product\/7-hours-technical-support\/#primaryimage","url":"https:\/\/i0.wp.com\/norttipaikalle.fi\/wp-content\/uploads\/2022\/10\/pexels-photo-6325984-edited.jpeg?fit=1251%2C1253&ssl=1","contentUrl":"https:\/\/i0.wp.com\/norttipaikalle.fi\/wp-content\/uploads\/2022\/10\/pexels-photo-6325984-edited.jpeg?fit=1251%2C1253&ssl=1","width":1251,"height":1253,"caption":"Photo by Vanessa Garcia on Pexels.com"},{"@type":"BreadcrumbList","@id":"https:\/\/norttipaikalle.fi\/en_gb\/product\/7-hours-technical-support\/#breadcrumb","itemListElement":[{"@type":"ListItem","position":1,"name":"Home","item":"https:\/\/norttipaikalle.fi\/"},{"@type":"ListItem","position":2,"name":"Store","item":"https:\/\/norttipaikalle.fi\/en_gb\/store\/"},{"@type":"ListItem","position":3,"name":"Technical support &#8211; 5 hour bundle"}]},{"@type":"WebSite","@id":"https:\/\/norttipaikalle.fi\/en_gb\/#website","url":"https:\/\/norttipaikalle.fi\/en_gb\/","name":"N\u00f6rtti paikalle","description":"Tehd\u00e4\u00e4n tietotekniikasta helppoa \ud83e\udd13","publisher":{"@id":"https:\/\/norttipaikalle.fi\/en_gb\/#organization"},"potentialAction":[{"@type":"SearchAction","target":{"@type":"EntryPoint","urlTemplate":"https:\/\/norttipaikalle.fi\/en_gb\/?s={search_term_string}"},"query-input":{"@type":"PropertyValueSpecification","valueRequired":true,"valueName":"search_term_string"}}],"inLanguage":"fi"},{"@type":"Organization","@id":"https:\/\/norttipaikalle.fi\/en_gb\/#organization","name":"N\u00f6rtti paikalle","url":"https:\/\/norttipaikalle.fi\/en_gb\/","logo":{"@type":"ImageObject","inLanguage":"fi","@id":"https:\/\/norttipaikalle.fi\/en_gb\/#\/schema\/logo\/image\/","url":"https:\/\/norttipaikalle.fi\/wp-content\/uploads\/2022\/03\/cropped-nerd-1.png","contentUrl":"https:\/\/norttipaikalle.fi\/wp-content\/uploads\/2022\/03\/cropped-nerd-1.png","width":512,"height":512,"caption":"N\u00f6rtti paikalle"},"image":{"@id":"https:\/\/norttipaikalle.fi\/en_gb\/#\/schema\/logo\/image\/"},"sameAs":["https:\/\/www.facebook.com\/norttipaikalle.fi","https:\/\/www.instagram.com\/norttipaikalle","http:\/\/www.linkedin.com\/in\/alexjmetcalfe"]}]}},"jetpack_publicize_connections":[],"jetpack-related-posts":[{"id":7290,"url":"https:\/\/norttipaikalle.fi\/fi\/tuote\/utm-generator-for-apple-shortcuts\/","url_meta":{"origin":7665,"position":0},"title":"Apple Shortcuts -sovelluksen UTM-generaattori","author":"Alex","date":"2025-08-08","format":false,"excerpt":"Luo helposti linkkej\u00e4 ja QR-koodeja UTM-tunnisteilla suoraan Apple-laitteellasi. Muutamalla napautuksella voit vied\u00e4 markkinointisi uudelle tasolle miss\u00e4 tahansa oletkin.","rel":"","context":"With 1 comment","block_context":{"text":"With 1 comment","link":"https:\/\/norttipaikalle.fi\/fi\/tuote\/utm-generator-for-apple-shortcuts\/#comments"},"img":{"alt_text":"","src":"https:\/\/i0.wp.com\/norttipaikalle.fi\/wp-content\/uploads\/2025\/09\/globe-shortcut-icon.png?fit=394%2C374&ssl=1&resize=350%2C200","width":350,"height":200},"classes":[]}],"jetpack_sharing_enabled":true,"jetpack_likes_enabled":true,"_links":{"self":[{"href":"https:\/\/norttipaikalle.fi\/fi\/wp-json\/wp\/v2\/product\/7665","targetHints":{"allow":["GET"]}}],"collection":[{"href":"https:\/\/norttipaikalle.fi\/fi\/wp-json\/wp\/v2\/product"}],"about":[{"href":"https:\/\/norttipaikalle.fi\/fi\/wp-json\/wp\/v2\/types\/product"}],"replies":[{"embeddable":true,"href":"https:\/\/norttipaikalle.fi\/fi\/wp-json\/wp\/v2\/comments?post=7665"}],"wp:featuredmedia":[{"embeddable":true,"href":"https:\/\/norttipaikalle.fi\/fi\/wp-json\/wp\/v2\/media\/1312"}],"wp:attachment":[{"href":"https:\/\/norttipaikalle.fi\/fi\/wp-json\/wp\/v2\/media?parent=7665"}],"wp:term":[{"taxonomy":"product_brand","embeddable":true,"href":"https:\/\/norttipaikalle.fi\/fi\/wp-json\/wp\/v2\/product_brand?post=7665"},{"taxonomy":"product_cat","embeddable":true,"href":"https:\/\/norttipaikalle.fi\/fi\/wp-json\/wp\/v2\/product_cat?post=7665"},{"taxonomy":"product_tag","embeddable":true,"href":"https:\/\/norttipaikalle.fi\/fi\/wp-json\/wp\/v2\/product_tag?post=7665"}],"curies":[{"name":"wp","href":"https:\/\/api.w.org\/{rel}","templated":true}]}}