{"id":7677,"date":"2025-09-05T14:05:21","date_gmt":"2025-09-05T11:05:21","guid":{"rendered":"https:\/\/norttipaikalle.fi\/?post_type=product&#038;p=7677"},"modified":"2025-09-20T16:41:21","modified_gmt":"2025-09-20T13:41:21","slug":"send-pitch-deck-for-apple-shortcuts","status":"publish","type":"product","link":"https:\/\/norttipaikalle.fi\/fi\/tuote\/send-pitch-deck-for-apple-shortcuts\/","title":{"rendered":"\"L\u00e4het\u00e4 pitch-deck\" Apple Shortcuts -sovellukselle"},"content":{"rendered":"<p>Easily send a .pdf version of your pitch-deck in just a few clicks.<\/p>\n<ol>\n<li>Choose the file<\/li>\n<li>Choose the contact you are sending to.<\/li>\n<li>Confirm and send the email.<\/li>\n<\/ol>\n<p>Customisable email template.<\/p>\n<h2>Requirements<\/h2>\n<ul>\n<li>iOS \/iPadOS version 18<\/li>\n<\/ul>\n<h3>Apple Shortcuts app<\/h3>\n<p>The shortcut requires that Apple Shortcuts is installed on your device.<\/p>\n<p>If you don\u2019t have Shortcuts installed follow these steps<\/p>\n<ol>\n<li>Install the app from here: <a href=\"https:\/\/apps.apple.com\/fi\/app\/shortcuts\/id1462947752\">https:\/\/apps.apple.com\/fi\/app\/shortcuts\/id1462947752<\/a><\/li>\n<li>Restart your iPhone.\n<ul>\n<li>Some users report that two restarts needed.<\/li>\n<\/ul>\n<\/li>\n<\/ol>\n<h2>UTM Generator installation<\/h2>\n<ol>\n<li>Lataa zip-tiedosto laitteellesi.<\/li>\n<li>Avaa zip-tiedosto<\/li>\n<li>Click on the Shortcut to install it on your device<\/li>\n<\/ol>","protected":false},"excerpt":{"rendered":"<p>Easily send a .pdf version of your pitch-deck with a customisable email in just a few clicks.<\/p>","protected":false},"featured_media":7686,"comment_status":"open","ping_status":"closed","template":"","meta":{"jetpack_publicize_message":"","jetpack_publicize_feature_enabled":true,"jetpack_social_post_already_shared":true,"jetpack_social_options":{"image_generator_settings":{"template":"highway","default_image_id":0,"font":"","enabled":false},"version":2},"_wpas_customize_per_network":false},"product_brand":[],"product_cat":[185],"product_tag":[],"class_list":{"0":"post-7677","1":"product","2":"type-product","3":"status-publish","4":"has-post-thumbnail","6":"product_cat-apple-shortcuts","8":"first","9":"instock","10":"taxable","11":"shipping-taxable","12":"purchasable","13":"product-type-variable"},"yoast_head":"<!-- This site is optimized with the Yoast SEO plugin v27.5 - https:\/\/yoast.com\/product\/yoast-seo-wordpress\/ -->\n<title>&#039;Send pitch-deck&#039; for Apple Shortcuts &#8211; N\u00f6rtti paikalle<\/title>\n<meta name=\"robots\" content=\"index, follow, max-snippet:-1, max-image-preview:large, max-video-preview:-1\" \/>\n<link rel=\"canonical\" href=\"https:\/\/norttipaikalle.fi\/fi\/tuote\/send-pitch-deck-for-apple-shortcuts\/\" \/>\n<meta property=\"og:locale\" content=\"fi_FI\" \/>\n<meta property=\"og:type\" content=\"article\" \/>\n<meta property=\"og:title\" content=\"&#039;Send pitch-deck&#039; for Apple Shortcuts &#8211; N\u00f6rtti paikalle\" \/>\n<meta property=\"og:description\" content=\"Easily send a .pdf version of your pitch-deck with a customisable email in just a few clicks.\" \/>\n<meta property=\"og:url\" content=\"https:\/\/norttipaikalle.fi\/fi\/tuote\/send-pitch-deck-for-apple-shortcuts\/\" \/>\n<meta property=\"og:site_name\" content=\"N\u00f6rtti paikalle\" \/>\n<meta property=\"article:publisher\" content=\"https:\/\/www.facebook.com\/norttipaikalle.fi\" \/>\n<meta property=\"article:modified_time\" content=\"2025-09-20T13:41:21+00:00\" \/>\n<meta property=\"og:image\" content=\"https:\/\/i0.wp.com\/norttipaikalle.fi\/wp-content\/uploads\/2025\/09\/email-shortcut-icon.png?fit=500%2C468&ssl=1\" \/>\n\t<meta property=\"og:image:width\" content=\"500\" \/>\n\t<meta property=\"og:image:height\" content=\"468\" \/>\n\t<meta property=\"og:image:type\" content=\"image\/png\" \/>\n<meta name=\"twitter:card\" content=\"summary_large_image\" \/>\n<meta name=\"twitter:label1\" content=\"Arvioitu lukuaika\" \/>\n\t<meta name=\"twitter:data1\" content=\"1 minuutti\" \/>\n<script type=\"application\/ld+json\" class=\"yoast-schema-graph\">{\"@context\":\"https:\\\/\\\/schema.org\",\"@graph\":[{\"@type\":\"WebPage\",\"@id\":\"https:\\\/\\\/norttipaikalle.fi\\\/en_gb\\\/product\\\/send-pitch-deck-for-apple-shortcuts\\\/\",\"url\":\"https:\\\/\\\/norttipaikalle.fi\\\/en_gb\\\/product\\\/send-pitch-deck-for-apple-shortcuts\\\/\",\"name\":\"'Send pitch-deck' for Apple Shortcuts &#8211; N\u00f6rtti paikalle\",\"isPartOf\":{\"@id\":\"https:\\\/\\\/norttipaikalle.fi\\\/en_gb\\\/#website\"},\"primaryImageOfPage\":{\"@id\":\"https:\\\/\\\/norttipaikalle.fi\\\/en_gb\\\/product\\\/send-pitch-deck-for-apple-shortcuts\\\/#primaryimage\"},\"image\":{\"@id\":\"https:\\\/\\\/norttipaikalle.fi\\\/en_gb\\\/product\\\/send-pitch-deck-for-apple-shortcuts\\\/#primaryimage\"},\"thumbnailUrl\":\"https:\\\/\\\/i0.wp.com\\\/norttipaikalle.fi\\\/wp-content\\\/uploads\\\/2025\\\/09\\\/email-shortcut-icon.png?fit=500%2C468&ssl=1\",\"datePublished\":\"2025-09-05T11:05:21+00:00\",\"dateModified\":\"2025-09-20T13:41:21+00:00\",\"breadcrumb\":{\"@id\":\"https:\\\/\\\/norttipaikalle.fi\\\/en_gb\\\/product\\\/send-pitch-deck-for-apple-shortcuts\\\/#breadcrumb\"},\"inLanguage\":\"fi\",\"potentialAction\":[{\"@type\":\"ReadAction\",\"target\":[\"https:\\\/\\\/norttipaikalle.fi\\\/en_gb\\\/product\\\/send-pitch-deck-for-apple-shortcuts\\\/\"]}]},{\"@type\":\"ImageObject\",\"inLanguage\":\"fi\",\"@id\":\"https:\\\/\\\/norttipaikalle.fi\\\/en_gb\\\/product\\\/send-pitch-deck-for-apple-shortcuts\\\/#primaryimage\",\"url\":\"https:\\\/\\\/i0.wp.com\\\/norttipaikalle.fi\\\/wp-content\\\/uploads\\\/2025\\\/09\\\/email-shortcut-icon.png?fit=500%2C468&ssl=1\",\"contentUrl\":\"https:\\\/\\\/i0.wp.com\\\/norttipaikalle.fi\\\/wp-content\\\/uploads\\\/2025\\\/09\\\/email-shortcut-icon.png?fit=500%2C468&ssl=1\",\"width\":500,\"height\":468},{\"@type\":\"BreadcrumbList\",\"@id\":\"https:\\\/\\\/norttipaikalle.fi\\\/en_gb\\\/product\\\/send-pitch-deck-for-apple-shortcuts\\\/#breadcrumb\",\"itemListElement\":[{\"@type\":\"ListItem\",\"position\":1,\"name\":\"Home\",\"item\":\"https:\\\/\\\/norttipaikalle.fi\\\/\"},{\"@type\":\"ListItem\",\"position\":2,\"name\":\"Store\",\"item\":\"https:\\\/\\\/norttipaikalle.fi\\\/en_gb\\\/store\\\/\"},{\"@type\":\"ListItem\",\"position\":3,\"name\":\"&#8216;Send pitch-deck&#8217; for Apple Shortcuts\"}]},{\"@type\":\"WebSite\",\"@id\":\"https:\\\/\\\/norttipaikalle.fi\\\/en_gb\\\/#website\",\"url\":\"https:\\\/\\\/norttipaikalle.fi\\\/en_gb\\\/\",\"name\":\"N\u00f6rtti paikalle\",\"description\":\"Making IT easy \ud83e\udd13\",\"publisher\":{\"@id\":\"https:\\\/\\\/norttipaikalle.fi\\\/en_gb\\\/#organization\"},\"potentialAction\":[{\"@type\":\"SearchAction\",\"target\":{\"@type\":\"EntryPoint\",\"urlTemplate\":\"https:\\\/\\\/norttipaikalle.fi\\\/en_gb\\\/?s={search_term_string}\"},\"query-input\":{\"@type\":\"PropertyValueSpecification\",\"valueRequired\":true,\"valueName\":\"search_term_string\"}}],\"inLanguage\":\"fi\"},{\"@type\":\"Organization\",\"@id\":\"https:\\\/\\\/norttipaikalle.fi\\\/en_gb\\\/#organization\",\"name\":\"N\u00f6rtti paikalle\",\"url\":\"https:\\\/\\\/norttipaikalle.fi\\\/en_gb\\\/\",\"logo\":{\"@type\":\"ImageObject\",\"inLanguage\":\"fi\",\"@id\":\"https:\\\/\\\/norttipaikalle.fi\\\/en_gb\\\/#\\\/schema\\\/logo\\\/image\\\/\",\"url\":\"https:\\\/\\\/norttipaikalle.fi\\\/wp-content\\\/uploads\\\/2022\\\/03\\\/cropped-nerd-1.png\",\"contentUrl\":\"https:\\\/\\\/norttipaikalle.fi\\\/wp-content\\\/uploads\\\/2022\\\/03\\\/cropped-nerd-1.png\",\"width\":512,\"height\":512,\"caption\":\"N\u00f6rtti paikalle\"},\"image\":{\"@id\":\"https:\\\/\\\/norttipaikalle.fi\\\/en_gb\\\/#\\\/schema\\\/logo\\\/image\\\/\"},\"sameAs\":[\"https:\\\/\\\/www.facebook.com\\\/norttipaikalle.fi\",\"https:\\\/\\\/www.instagram.com\\\/norttipaikalle\",\"http:\\\/\\\/www.linkedin.com\\\/in\\\/alexjmetcalfe\"]}]}<\/script>\n<!-- \/ Yoast SEO plugin. -->","yoast_head_json":{"title":"'Send pitch-deck' for Apple Shortcuts &#8211; N\u00f6rtti paikalle","robots":{"index":"index","follow":"follow","max-snippet":"max-snippet:-1","max-image-preview":"max-image-preview:large","max-video-preview":"max-video-preview:-1"},"canonical":"https:\/\/norttipaikalle.fi\/fi\/tuote\/send-pitch-deck-for-apple-shortcuts\/","og_locale":"fi_FI","og_type":"article","og_title":"'Send pitch-deck' for Apple Shortcuts &#8211; N\u00f6rtti paikalle","og_description":"Easily send a .pdf version of your pitch-deck with a customisable email in just a few clicks.","og_url":"https:\/\/norttipaikalle.fi\/fi\/tuote\/send-pitch-deck-for-apple-shortcuts\/","og_site_name":"N\u00f6rtti paikalle","article_publisher":"https:\/\/www.facebook.com\/norttipaikalle.fi","article_modified_time":"2025-09-20T13:41:21+00:00","og_image":[{"width":500,"height":468,"url":"https:\/\/i0.wp.com\/norttipaikalle.fi\/wp-content\/uploads\/2025\/09\/email-shortcut-icon.png?fit=500%2C468&ssl=1","type":"image\/png"}],"twitter_card":"summary_large_image","twitter_misc":{"Arvioitu lukuaika":"1 minuutti"},"schema":{"@context":"https:\/\/schema.org","@graph":[{"@type":"WebPage","@id":"https:\/\/norttipaikalle.fi\/en_gb\/product\/send-pitch-deck-for-apple-shortcuts\/","url":"https:\/\/norttipaikalle.fi\/en_gb\/product\/send-pitch-deck-for-apple-shortcuts\/","name":"'Send pitch-deck' for Apple Shortcuts &#8211; N\u00f6rtti paikalle","isPartOf":{"@id":"https:\/\/norttipaikalle.fi\/en_gb\/#website"},"primaryImageOfPage":{"@id":"https:\/\/norttipaikalle.fi\/en_gb\/product\/send-pitch-deck-for-apple-shortcuts\/#primaryimage"},"image":{"@id":"https:\/\/norttipaikalle.fi\/en_gb\/product\/send-pitch-deck-for-apple-shortcuts\/#primaryimage"},"thumbnailUrl":"https:\/\/i0.wp.com\/norttipaikalle.fi\/wp-content\/uploads\/2025\/09\/email-shortcut-icon.png?fit=500%2C468&ssl=1","datePublished":"2025-09-05T11:05:21+00:00","dateModified":"2025-09-20T13:41:21+00:00","breadcrumb":{"@id":"https:\/\/norttipaikalle.fi\/en_gb\/product\/send-pitch-deck-for-apple-shortcuts\/#breadcrumb"},"inLanguage":"fi","potentialAction":[{"@type":"ReadAction","target":["https:\/\/norttipaikalle.fi\/en_gb\/product\/send-pitch-deck-for-apple-shortcuts\/"]}]},{"@type":"ImageObject","inLanguage":"fi","@id":"https:\/\/norttipaikalle.fi\/en_gb\/product\/send-pitch-deck-for-apple-shortcuts\/#primaryimage","url":"https:\/\/i0.wp.com\/norttipaikalle.fi\/wp-content\/uploads\/2025\/09\/email-shortcut-icon.png?fit=500%2C468&ssl=1","contentUrl":"https:\/\/i0.wp.com\/norttipaikalle.fi\/wp-content\/uploads\/2025\/09\/email-shortcut-icon.png?fit=500%2C468&ssl=1","width":500,"height":468},{"@type":"BreadcrumbList","@id":"https:\/\/norttipaikalle.fi\/en_gb\/product\/send-pitch-deck-for-apple-shortcuts\/#breadcrumb","itemListElement":[{"@type":"ListItem","position":1,"name":"Home","item":"https:\/\/norttipaikalle.fi\/"},{"@type":"ListItem","position":2,"name":"Store","item":"https:\/\/norttipaikalle.fi\/en_gb\/store\/"},{"@type":"ListItem","position":3,"name":"&#8216;Send pitch-deck&#8217; for Apple Shortcuts"}]},{"@type":"WebSite","@id":"https:\/\/norttipaikalle.fi\/en_gb\/#website","url":"https:\/\/norttipaikalle.fi\/en_gb\/","name":"N\u00f6rtti paikalle","description":"Tehd\u00e4\u00e4n tietotekniikasta helppoa \ud83e\udd13","publisher":{"@id":"https:\/\/norttipaikalle.fi\/en_gb\/#organization"},"potentialAction":[{"@type":"SearchAction","target":{"@type":"EntryPoint","urlTemplate":"https:\/\/norttipaikalle.fi\/en_gb\/?s={search_term_string}"},"query-input":{"@type":"PropertyValueSpecification","valueRequired":true,"valueName":"search_term_string"}}],"inLanguage":"fi"},{"@type":"Organization","@id":"https:\/\/norttipaikalle.fi\/en_gb\/#organization","name":"N\u00f6rtti paikalle","url":"https:\/\/norttipaikalle.fi\/en_gb\/","logo":{"@type":"ImageObject","inLanguage":"fi","@id":"https:\/\/norttipaikalle.fi\/en_gb\/#\/schema\/logo\/image\/","url":"https:\/\/norttipaikalle.fi\/wp-content\/uploads\/2022\/03\/cropped-nerd-1.png","contentUrl":"https:\/\/norttipaikalle.fi\/wp-content\/uploads\/2022\/03\/cropped-nerd-1.png","width":512,"height":512,"caption":"N\u00f6rtti paikalle"},"image":{"@id":"https:\/\/norttipaikalle.fi\/en_gb\/#\/schema\/logo\/image\/"},"sameAs":["https:\/\/www.facebook.com\/norttipaikalle.fi","https:\/\/www.instagram.com\/norttipaikalle","http:\/\/www.linkedin.com\/in\/alexjmetcalfe"]}]}},"jetpack_publicize_connections":[],"jetpack-related-posts":[],"jetpack_sharing_enabled":true,"jetpack_likes_enabled":true,"_links":{"self":[{"href":"https:\/\/norttipaikalle.fi\/fi\/wp-json\/wp\/v2\/product\/7677","targetHints":{"allow":["GET"]}}],"collection":[{"href":"https:\/\/norttipaikalle.fi\/fi\/wp-json\/wp\/v2\/product"}],"about":[{"href":"https:\/\/norttipaikalle.fi\/fi\/wp-json\/wp\/v2\/types\/product"}],"replies":[{"embeddable":true,"href":"https:\/\/norttipaikalle.fi\/fi\/wp-json\/wp\/v2\/comments?post=7677"}],"wp:featuredmedia":[{"embeddable":true,"href":"https:\/\/norttipaikalle.fi\/fi\/wp-json\/wp\/v2\/media\/7686"}],"wp:attachment":[{"href":"https:\/\/norttipaikalle.fi\/fi\/wp-json\/wp\/v2\/media?parent=7677"}],"wp:term":[{"taxonomy":"product_brand","embeddable":true,"href":"https:\/\/norttipaikalle.fi\/fi\/wp-json\/wp\/v2\/product_brand?post=7677"},{"taxonomy":"product_cat","embeddable":true,"href":"https:\/\/norttipaikalle.fi\/fi\/wp-json\/wp\/v2\/product_cat?post=7677"},{"taxonomy":"product_tag","embeddable":true,"href":"https:\/\/norttipaikalle.fi\/fi\/wp-json\/wp\/v2\/product_tag?post=7677"}],"curies":[{"name":"wp","href":"https:\/\/api.w.org\/{rel}","templated":true}]}}